{"id":10305,"date":"2024-05-13T13:17:43","date_gmt":"2024-05-13T11:17:43","guid":{"rendered":"https:\/\/saydalia.ma\/produit\/flunomid-cooper-20-mg-comprime-pellicule-amm-suspendue\/"},"modified":"2024-05-13T13:17:43","modified_gmt":"2024-05-13T11:17:43","slug":"flunomid-cooper-20-mg-comprime-pellicule-amm-suspendue","status":"publish","type":"product","link":"https:\/\/saydalia.ma\/ar\/produit\/flunomid-cooper-20-mg-comprime-pellicule-amm-suspendue\/","title":{"rendered":"FLUNOMID COOPER 20 MG, Comprim\u00e9 pellicul\u00e9 (AMM Suspendue)"},"content":{"rendered":"","protected":false},"excerpt":{"rendered":"","protected":false},"featured_media":0,"comment_status":"open","ping_status":"closed","template":"","meta":[],"product_brand":[],"product_cat":[8592],"product_tag":[],"class_list":{"0":"post-10305","1":"product","2":"type-product","3":"status-publish","5":"product_cat-medicaments","6":"pa_classe-therapeutique-immunosuppresseur","7":"pa_code-atc-l04aa13","8":"pa_composition-leflunomide","9":"pa_distributeur-ou-fabriquant-cooper-pharma","10":"pa_presentation-boite-de-30","11":"pa_statut-commercialise","13":"first","14":"instock","15":"shipping-taxable","16":"purchasable","17":"product-type-simple"},"yoast_head":"<!-- This site is optimized with the Yoast SEO plugin v27.3 - https:\/\/yoast.com\/product\/yoast-seo-wordpress\/ -->\n<title>FLUNOMID COOPER 20 MG, Comprim\u00e9 pellicul\u00e9 (AMM Suspendue) - Saydalia<\/title>\n<meta name=\"description\" content=\"D\u00e9couvrez toutes les informations sur FLUNOMID COOPER 20 MG, Comprim\u00e9 pellicul\u00e9 (AMM Suspendue) sur Saydalia.ma. Trouvez des d\u00e9tails, prix et aussi pharmacie de garde.\" \/>\n<meta name=\"robots\" content=\"index, follow, max-snippet:-1, max-image-preview:large, max-video-preview:-1\" \/>\n<link rel=\"canonical\" href=\"https:\/\/saydalia.ma\/ar\/produit\/flunomid-cooper-20-mg-comprime-pellicule-amm-suspendue\/\" \/>\n<meta property=\"og:locale\" content=\"ar_AR\" \/>\n<meta property=\"og:type\" content=\"article\" \/>\n<meta property=\"og:title\" content=\"FLUNOMID COOPER 20 MG, Comprim\u00e9 pellicul\u00e9 (AMM Suspendue) - Saydalia\" \/>\n<meta property=\"og:description\" content=\"D\u00e9couvrez toutes les informations sur FLUNOMID COOPER 20 MG, Comprim\u00e9 pellicul\u00e9 (AMM Suspendue) sur Saydalia.ma. Trouvez des d\u00e9tails, prix et aussi pharmacie de garde.\" \/>\n<meta property=\"og:url\" content=\"https:\/\/saydalia.ma\/ar\/produit\/flunomid-cooper-20-mg-comprime-pellicule-amm-suspendue\/\" \/>\n<meta property=\"og:site_name\" content=\"Saydalia\" \/>\n<meta name=\"twitter:card\" content=\"summary_large_image\" \/>\n<script type=\"application\/ld+json\" class=\"yoast-schema-graph\">{\"@context\":\"https:\\\/\\\/schema.org\",\"@graph\":[{\"@type\":\"WebPage\",\"@id\":\"https:\\\/\\\/saydalia.ma\\\/ar\\\/produit\\\/flunomid-cooper-20-mg-comprime-pellicule-amm-suspendue\\\/\",\"url\":\"https:\\\/\\\/saydalia.ma\\\/ar\\\/produit\\\/flunomid-cooper-20-mg-comprime-pellicule-amm-suspendue\\\/\",\"name\":\"FLUNOMID COOPER 20 MG, Comprim\u00e9 pellicul\u00e9 (AMM Suspendue) - Saydalia\",\"isPartOf\":{\"@id\":\"https:\\\/\\\/saydalia.ma\\\/ar\\\/#website\"},\"datePublished\":\"2024-05-13T11:17:43+00:00\",\"description\":\"D\u00e9couvrez toutes les informations sur FLUNOMID COOPER 20 MG, Comprim\u00e9 pellicul\u00e9 (AMM Suspendue) sur Saydalia.ma. Trouvez des d\u00e9tails, prix et aussi pharmacie de garde.\",\"breadcrumb\":{\"@id\":\"https:\\\/\\\/saydalia.ma\\\/ar\\\/produit\\\/flunomid-cooper-20-mg-comprime-pellicule-amm-suspendue\\\/#breadcrumb\"},\"inLanguage\":\"ar\",\"potentialAction\":[{\"@type\":\"ReadAction\",\"target\":[[\"https:\\\/\\\/saydalia.ma\\\/ar\\\/produit\\\/flunomid-cooper-20-mg-comprime-pellicule-amm-suspendue\\\/\"]]}]},{\"@type\":\"BreadcrumbList\",\"@id\":\"https:\\\/\\\/saydalia.ma\\\/ar\\\/produit\\\/flunomid-cooper-20-mg-comprime-pellicule-amm-suspendue\\\/#breadcrumb\",\"itemListElement\":[{\"@type\":\"ListItem\",\"position\":1,\"name\":\"Accueil\",\"item\":\"https:\\\/\\\/saydalia.ma\\\/ar\\\/\"},{\"@type\":\"ListItem\",\"position\":2,\"name\":\"Boutique\",\"item\":\"https:\\\/\\\/saydalia.ma\\\/ar\\\/boutique\\\/\"},{\"@type\":\"ListItem\",\"position\":3,\"name\":\"FLUNOMID COOPER 20 MG, Comprim\u00e9 pellicul\u00e9 (AMM Suspendue)\"}]},{\"@type\":\"WebSite\",\"@id\":\"https:\\\/\\\/saydalia.ma\\\/ar\\\/#website\",\"url\":\"https:\\\/\\\/saydalia.ma\\\/ar\\\/\",\"name\":\"Saydalia\",\"description\":\"Trouvez la pharmacie la plus proche de vous\",\"publisher\":{\"@id\":\"https:\\\/\\\/saydalia.ma\\\/ar\\\/#organization\"},\"potentialAction\":[{\"@type\":\"SearchAction\",\"target\":{\"@type\":\"EntryPoint\",\"urlTemplate\":\"https:\\\/\\\/saydalia.ma\\\/ar\\\/?s={search_term_string}\"},\"query-input\":{\"@type\":\"PropertyValueSpecification\",\"valueRequired\":true,\"valueName\":\"search_term_string\"}}],\"inLanguage\":\"ar\"},{\"@type\":\"Organization\",\"@id\":\"https:\\\/\\\/saydalia.ma\\\/ar\\\/#organization\",\"name\":\"Saydalia\",\"url\":\"https:\\\/\\\/saydalia.ma\\\/ar\\\/\",\"logo\":{\"@type\":\"ImageObject\",\"inLanguage\":\"ar\",\"@id\":\"https:\\\/\\\/saydalia.ma\\\/ar\\\/#\\\/schema\\\/logo\\\/image\\\/\",\"url\":\"https:\\\/\\\/saydalia.ma\\\/wp-content\\\/uploads\\\/2022\\\/09\\\/Fichier-3.png\",\"contentUrl\":\"https:\\\/\\\/saydalia.ma\\\/wp-content\\\/uploads\\\/2022\\\/09\\\/Fichier-3.png\",\"width\":617,\"height\":580,\"caption\":\"Saydalia\"},\"image\":{\"@id\":\"https:\\\/\\\/saydalia.ma\\\/ar\\\/#\\\/schema\\\/logo\\\/image\\\/\"}}]}<\/script>\n<!-- \/ Yoast SEO plugin. -->","yoast_head_json":{"title":"FLUNOMID COOPER 20 MG, Comprim\u00e9 pellicul\u00e9 (AMM Suspendue) - Saydalia","description":"D\u00e9couvrez toutes les informations sur FLUNOMID COOPER 20 MG, Comprim\u00e9 pellicul\u00e9 (AMM Suspendue) sur Saydalia.ma. Trouvez des d\u00e9tails, prix et aussi pharmacie de garde.","robots":{"index":"index","follow":"follow","max-snippet":"max-snippet:-1","max-image-preview":"max-image-preview:large","max-video-preview":"max-video-preview:-1"},"canonical":"https:\/\/saydalia.ma\/ar\/produit\/flunomid-cooper-20-mg-comprime-pellicule-amm-suspendue\/","og_locale":"ar_AR","og_type":"article","og_title":"FLUNOMID COOPER 20 MG, Comprim\u00e9 pellicul\u00e9 (AMM Suspendue) - Saydalia","og_description":"D\u00e9couvrez toutes les informations sur FLUNOMID COOPER 20 MG, Comprim\u00e9 pellicul\u00e9 (AMM Suspendue) sur Saydalia.ma. Trouvez des d\u00e9tails, prix et aussi pharmacie de garde.","og_url":"https:\/\/saydalia.ma\/ar\/produit\/flunomid-cooper-20-mg-comprime-pellicule-amm-suspendue\/","og_site_name":"Saydalia","twitter_card":"summary_large_image","schema":{"@context":"https:\/\/schema.org","@graph":[{"@type":"WebPage","@id":"https:\/\/saydalia.ma\/ar\/produit\/flunomid-cooper-20-mg-comprime-pellicule-amm-suspendue\/","url":"https:\/\/saydalia.ma\/ar\/produit\/flunomid-cooper-20-mg-comprime-pellicule-amm-suspendue\/","name":"FLUNOMID COOPER 20 MG, Comprim\u00e9 pellicul\u00e9 (AMM Suspendue) - Saydalia","isPartOf":{"@id":"https:\/\/saydalia.ma\/ar\/#website"},"datePublished":"2024-05-13T11:17:43+00:00","description":"D\u00e9couvrez toutes les informations sur FLUNOMID COOPER 20 MG, Comprim\u00e9 pellicul\u00e9 (AMM Suspendue) sur Saydalia.ma. Trouvez des d\u00e9tails, prix et aussi pharmacie de garde.","breadcrumb":{"@id":"https:\/\/saydalia.ma\/ar\/produit\/flunomid-cooper-20-mg-comprime-pellicule-amm-suspendue\/#breadcrumb"},"inLanguage":"ar","potentialAction":[{"@type":"ReadAction","target":[["https:\/\/saydalia.ma\/ar\/produit\/flunomid-cooper-20-mg-comprime-pellicule-amm-suspendue\/"]]}]},{"@type":"BreadcrumbList","@id":"https:\/\/saydalia.ma\/ar\/produit\/flunomid-cooper-20-mg-comprime-pellicule-amm-suspendue\/#breadcrumb","itemListElement":[{"@type":"ListItem","position":1,"name":"Accueil","item":"https:\/\/saydalia.ma\/ar\/"},{"@type":"ListItem","position":2,"name":"Boutique","item":"https:\/\/saydalia.ma\/ar\/boutique\/"},{"@type":"ListItem","position":3,"name":"FLUNOMID COOPER 20 MG, Comprim\u00e9 pellicul\u00e9 (AMM Suspendue)"}]},{"@type":"WebSite","@id":"https:\/\/saydalia.ma\/ar\/#website","url":"https:\/\/saydalia.ma\/ar\/","name":"Saydalia","description":"Trouvez la pharmacie la plus proche de vous","publisher":{"@id":"https:\/\/saydalia.ma\/ar\/#organization"},"potentialAction":[{"@type":"SearchAction","target":{"@type":"EntryPoint","urlTemplate":"https:\/\/saydalia.ma\/ar\/?s={search_term_string}"},"query-input":{"@type":"PropertyValueSpecification","valueRequired":true,"valueName":"search_term_string"}}],"inLanguage":"ar"},{"@type":"Organization","@id":"https:\/\/saydalia.ma\/ar\/#organization","name":"Saydalia","url":"https:\/\/saydalia.ma\/ar\/","logo":{"@type":"ImageObject","inLanguage":"ar","@id":"https:\/\/saydalia.ma\/ar\/#\/schema\/logo\/image\/","url":"https:\/\/saydalia.ma\/wp-content\/uploads\/2022\/09\/Fichier-3.png","contentUrl":"https:\/\/saydalia.ma\/wp-content\/uploads\/2022\/09\/Fichier-3.png","width":617,"height":580,"caption":"Saydalia"},"image":{"@id":"https:\/\/saydalia.ma\/ar\/#\/schema\/logo\/image\/"}}]}},"_links":{"self":[{"href":"https:\/\/saydalia.ma\/ar\/wp-json\/wp\/v2\/product\/10305","targetHints":{"allow":["GET"]}}],"collection":[{"href":"https:\/\/saydalia.ma\/ar\/wp-json\/wp\/v2\/product"}],"about":[{"href":"https:\/\/saydalia.ma\/ar\/wp-json\/wp\/v2\/types\/product"}],"replies":[{"embeddable":true,"href":"https:\/\/saydalia.ma\/ar\/wp-json\/wp\/v2\/comments?post=10305"}],"wp:attachment":[{"href":"https:\/\/saydalia.ma\/ar\/wp-json\/wp\/v2\/media?parent=10305"}],"wp:term":[{"taxonomy":"product_brand","embeddable":true,"href":"https:\/\/saydalia.ma\/ar\/wp-json\/wp\/v2\/product_brand?post=10305"},{"taxonomy":"product_cat","embeddable":true,"href":"https:\/\/saydalia.ma\/ar\/wp-json\/wp\/v2\/product_cat?post=10305"},{"taxonomy":"product_tag","embeddable":true,"href":"https:\/\/saydalia.ma\/ar\/wp-json\/wp\/v2\/product_tag?post=10305"}],"curies":[{"name":"wp","href":"https:\/\/api.w.org\/{rel}","templated":true}]}}