{"id":7960,"date":"2024-05-13T12:47:37","date_gmt":"2024-05-13T10:47:37","guid":{"rendered":"https:\/\/saydalia.ma\/produit\/storixia-60-mg-comprime-pellicule-2\/"},"modified":"2024-05-13T12:47:37","modified_gmt":"2024-05-13T10:47:37","slug":"storixia-60-mg-comprime-pellicule-2","status":"publish","type":"product","link":"https:\/\/saydalia.ma\/ar\/produit\/storixia-60-mg-comprime-pellicule-2\/","title":{"rendered":"STORIXIA 60 MG, Comprim\u00e9 pellicul\u00e9"},"content":{"rendered":"","protected":false},"excerpt":{"rendered":"","protected":false},"featured_media":0,"comment_status":"open","ping_status":"closed","template":"","meta":[],"product_brand":[],"product_cat":[8592],"product_tag":[],"class_list":{"0":"post-7960","1":"product","2":"type-product","3":"status-publish","5":"product_cat-medicaments","6":"pa_classe-therapeutique-anti-inflammatoire-non-steroidien-anti-cox2","7":"pa_code-atc-m01ah05","8":"pa_composition-etoricoxib","9":"pa_distributeur-ou-fabriquant-sothema","10":"pa_dosage-60-mg","11":"pa_presentation-boite-de-14","12":"pa_statut-commercialise","14":"first","15":"instock","16":"shipping-taxable","17":"purchasable","18":"product-type-simple"},"yoast_head":"<!-- This site is optimized with the Yoast SEO plugin v27.3 - https:\/\/yoast.com\/product\/yoast-seo-wordpress\/ -->\n<title>STORIXIA 60 MG, Comprim\u00e9 pellicul\u00e9 - Saydalia<\/title>\n<meta name=\"description\" content=\"D\u00e9couvrez toutes les informations sur STORIXIA 60 MG, Comprim\u00e9 pellicul\u00e9 sur Saydalia.ma. Trouvez des d\u00e9tails, prix et aussi pharmacie de garde.\" \/>\n<meta name=\"robots\" content=\"index, follow, max-snippet:-1, max-image-preview:large, max-video-preview:-1\" \/>\n<link rel=\"canonical\" href=\"https:\/\/saydalia.ma\/ar\/produit\/storixia-60-mg-comprime-pellicule-2\/\" \/>\n<meta property=\"og:locale\" content=\"ar_AR\" \/>\n<meta property=\"og:type\" content=\"article\" \/>\n<meta property=\"og:title\" content=\"STORIXIA 60 MG, Comprim\u00e9 pellicul\u00e9 - Saydalia\" \/>\n<meta property=\"og:description\" content=\"D\u00e9couvrez toutes les informations sur STORIXIA 60 MG, Comprim\u00e9 pellicul\u00e9 sur Saydalia.ma. Trouvez des d\u00e9tails, prix et aussi pharmacie de garde.\" \/>\n<meta property=\"og:url\" content=\"https:\/\/saydalia.ma\/ar\/produit\/storixia-60-mg-comprime-pellicule-2\/\" \/>\n<meta property=\"og:site_name\" content=\"Saydalia\" \/>\n<meta name=\"twitter:card\" content=\"summary_large_image\" \/>\n<script type=\"application\/ld+json\" class=\"yoast-schema-graph\">{\"@context\":\"https:\\\/\\\/schema.org\",\"@graph\":[{\"@type\":\"WebPage\",\"@id\":\"https:\\\/\\\/saydalia.ma\\\/ar\\\/produit\\\/storixia-60-mg-comprime-pellicule-2\\\/\",\"url\":\"https:\\\/\\\/saydalia.ma\\\/ar\\\/produit\\\/storixia-60-mg-comprime-pellicule-2\\\/\",\"name\":\"STORIXIA 60 MG, Comprim\u00e9 pellicul\u00e9 - Saydalia\",\"isPartOf\":{\"@id\":\"https:\\\/\\\/saydalia.ma\\\/ar\\\/#website\"},\"datePublished\":\"2024-05-13T10:47:37+00:00\",\"description\":\"D\u00e9couvrez toutes les informations sur STORIXIA 60 MG, Comprim\u00e9 pellicul\u00e9 sur Saydalia.ma. Trouvez des d\u00e9tails, prix et aussi pharmacie de garde.\",\"breadcrumb\":{\"@id\":\"https:\\\/\\\/saydalia.ma\\\/ar\\\/produit\\\/storixia-60-mg-comprime-pellicule-2\\\/#breadcrumb\"},\"inLanguage\":\"ar\",\"potentialAction\":[{\"@type\":\"ReadAction\",\"target\":[[\"https:\\\/\\\/saydalia.ma\\\/ar\\\/produit\\\/storixia-60-mg-comprime-pellicule-2\\\/\"]]}]},{\"@type\":\"BreadcrumbList\",\"@id\":\"https:\\\/\\\/saydalia.ma\\\/ar\\\/produit\\\/storixia-60-mg-comprime-pellicule-2\\\/#breadcrumb\",\"itemListElement\":[{\"@type\":\"ListItem\",\"position\":1,\"name\":\"Accueil\",\"item\":\"https:\\\/\\\/saydalia.ma\\\/ar\\\/\"},{\"@type\":\"ListItem\",\"position\":2,\"name\":\"Boutique\",\"item\":\"https:\\\/\\\/saydalia.ma\\\/ar\\\/boutique\\\/\"},{\"@type\":\"ListItem\",\"position\":3,\"name\":\"STORIXIA 60 MG, Comprim\u00e9 pellicul\u00e9\"}]},{\"@type\":\"WebSite\",\"@id\":\"https:\\\/\\\/saydalia.ma\\\/ar\\\/#website\",\"url\":\"https:\\\/\\\/saydalia.ma\\\/ar\\\/\",\"name\":\"Saydalia\",\"description\":\"Trouvez la pharmacie la plus proche de vous\",\"publisher\":{\"@id\":\"https:\\\/\\\/saydalia.ma\\\/ar\\\/#organization\"},\"potentialAction\":[{\"@type\":\"SearchAction\",\"target\":{\"@type\":\"EntryPoint\",\"urlTemplate\":\"https:\\\/\\\/saydalia.ma\\\/ar\\\/?s={search_term_string}\"},\"query-input\":{\"@type\":\"PropertyValueSpecification\",\"valueRequired\":true,\"valueName\":\"search_term_string\"}}],\"inLanguage\":\"ar\"},{\"@type\":\"Organization\",\"@id\":\"https:\\\/\\\/saydalia.ma\\\/ar\\\/#organization\",\"name\":\"Saydalia\",\"url\":\"https:\\\/\\\/saydalia.ma\\\/ar\\\/\",\"logo\":{\"@type\":\"ImageObject\",\"inLanguage\":\"ar\",\"@id\":\"https:\\\/\\\/saydalia.ma\\\/ar\\\/#\\\/schema\\\/logo\\\/image\\\/\",\"url\":\"https:\\\/\\\/saydalia.ma\\\/wp-content\\\/uploads\\\/2022\\\/09\\\/Fichier-3.png\",\"contentUrl\":\"https:\\\/\\\/saydalia.ma\\\/wp-content\\\/uploads\\\/2022\\\/09\\\/Fichier-3.png\",\"width\":617,\"height\":580,\"caption\":\"Saydalia\"},\"image\":{\"@id\":\"https:\\\/\\\/saydalia.ma\\\/ar\\\/#\\\/schema\\\/logo\\\/image\\\/\"}}]}<\/script>\n<!-- \/ Yoast SEO plugin. -->","yoast_head_json":{"title":"STORIXIA 60 MG, Comprim\u00e9 pellicul\u00e9 - Saydalia","description":"D\u00e9couvrez toutes les informations sur STORIXIA 60 MG, Comprim\u00e9 pellicul\u00e9 sur Saydalia.ma. Trouvez des d\u00e9tails, prix et aussi pharmacie de garde.","robots":{"index":"index","follow":"follow","max-snippet":"max-snippet:-1","max-image-preview":"max-image-preview:large","max-video-preview":"max-video-preview:-1"},"canonical":"https:\/\/saydalia.ma\/ar\/produit\/storixia-60-mg-comprime-pellicule-2\/","og_locale":"ar_AR","og_type":"article","og_title":"STORIXIA 60 MG, Comprim\u00e9 pellicul\u00e9 - Saydalia","og_description":"D\u00e9couvrez toutes les informations sur STORIXIA 60 MG, Comprim\u00e9 pellicul\u00e9 sur Saydalia.ma. Trouvez des d\u00e9tails, prix et aussi pharmacie de garde.","og_url":"https:\/\/saydalia.ma\/ar\/produit\/storixia-60-mg-comprime-pellicule-2\/","og_site_name":"Saydalia","twitter_card":"summary_large_image","schema":{"@context":"https:\/\/schema.org","@graph":[{"@type":"WebPage","@id":"https:\/\/saydalia.ma\/ar\/produit\/storixia-60-mg-comprime-pellicule-2\/","url":"https:\/\/saydalia.ma\/ar\/produit\/storixia-60-mg-comprime-pellicule-2\/","name":"STORIXIA 60 MG, Comprim\u00e9 pellicul\u00e9 - Saydalia","isPartOf":{"@id":"https:\/\/saydalia.ma\/ar\/#website"},"datePublished":"2024-05-13T10:47:37+00:00","description":"D\u00e9couvrez toutes les informations sur STORIXIA 60 MG, Comprim\u00e9 pellicul\u00e9 sur Saydalia.ma. Trouvez des d\u00e9tails, prix et aussi pharmacie de garde.","breadcrumb":{"@id":"https:\/\/saydalia.ma\/ar\/produit\/storixia-60-mg-comprime-pellicule-2\/#breadcrumb"},"inLanguage":"ar","potentialAction":[{"@type":"ReadAction","target":[["https:\/\/saydalia.ma\/ar\/produit\/storixia-60-mg-comprime-pellicule-2\/"]]}]},{"@type":"BreadcrumbList","@id":"https:\/\/saydalia.ma\/ar\/produit\/storixia-60-mg-comprime-pellicule-2\/#breadcrumb","itemListElement":[{"@type":"ListItem","position":1,"name":"Accueil","item":"https:\/\/saydalia.ma\/ar\/"},{"@type":"ListItem","position":2,"name":"Boutique","item":"https:\/\/saydalia.ma\/ar\/boutique\/"},{"@type":"ListItem","position":3,"name":"STORIXIA 60 MG, Comprim\u00e9 pellicul\u00e9"}]},{"@type":"WebSite","@id":"https:\/\/saydalia.ma\/ar\/#website","url":"https:\/\/saydalia.ma\/ar\/","name":"Saydalia","description":"Trouvez la pharmacie la plus proche de vous","publisher":{"@id":"https:\/\/saydalia.ma\/ar\/#organization"},"potentialAction":[{"@type":"SearchAction","target":{"@type":"EntryPoint","urlTemplate":"https:\/\/saydalia.ma\/ar\/?s={search_term_string}"},"query-input":{"@type":"PropertyValueSpecification","valueRequired":true,"valueName":"search_term_string"}}],"inLanguage":"ar"},{"@type":"Organization","@id":"https:\/\/saydalia.ma\/ar\/#organization","name":"Saydalia","url":"https:\/\/saydalia.ma\/ar\/","logo":{"@type":"ImageObject","inLanguage":"ar","@id":"https:\/\/saydalia.ma\/ar\/#\/schema\/logo\/image\/","url":"https:\/\/saydalia.ma\/wp-content\/uploads\/2022\/09\/Fichier-3.png","contentUrl":"https:\/\/saydalia.ma\/wp-content\/uploads\/2022\/09\/Fichier-3.png","width":617,"height":580,"caption":"Saydalia"},"image":{"@id":"https:\/\/saydalia.ma\/ar\/#\/schema\/logo\/image\/"}}]}},"_links":{"self":[{"href":"https:\/\/saydalia.ma\/ar\/wp-json\/wp\/v2\/product\/7960","targetHints":{"allow":["GET"]}}],"collection":[{"href":"https:\/\/saydalia.ma\/ar\/wp-json\/wp\/v2\/product"}],"about":[{"href":"https:\/\/saydalia.ma\/ar\/wp-json\/wp\/v2\/types\/product"}],"replies":[{"embeddable":true,"href":"https:\/\/saydalia.ma\/ar\/wp-json\/wp\/v2\/comments?post=7960"}],"wp:attachment":[{"href":"https:\/\/saydalia.ma\/ar\/wp-json\/wp\/v2\/media?parent=7960"}],"wp:term":[{"taxonomy":"product_brand","embeddable":true,"href":"https:\/\/saydalia.ma\/ar\/wp-json\/wp\/v2\/product_brand?post=7960"},{"taxonomy":"product_cat","embeddable":true,"href":"https:\/\/saydalia.ma\/ar\/wp-json\/wp\/v2\/product_cat?post=7960"},{"taxonomy":"product_tag","embeddable":true,"href":"https:\/\/saydalia.ma\/ar\/wp-json\/wp\/v2\/product_tag?post=7960"}],"curies":[{"name":"wp","href":"https:\/\/api.w.org\/{rel}","templated":true}]}}