{"id":8994,"date":"2024-05-13T13:03:05","date_gmt":"2024-05-13T11:03:05","guid":{"rendered":"https:\/\/saydalia.ma\/produit\/nuravit-comprime-pellicule\/"},"modified":"2026-01-15T11:09:29","modified_gmt":"2026-01-15T10:09:29","slug":"nuravit-comprime-pellicule","status":"publish","type":"product","link":"https:\/\/saydalia.ma\/ar\/produit\/nuravit-comprime-pellicule\/","title":{"rendered":"NURAVIT, Comprim\u00e9 pellicul\u00e9"},"content":{"rendered":"<p class=\"qtranxs-available-languages-message qtranxs-available-languages-message-ar\">\u0639\u0641\u0648\u0627\u060c \u0647\u0630\u0647 \u0627\u0644\u0645\u062f\u062e\u0644\u0629 \u0645\u0648\u062c\u0648\u062f\u0629 \u0641\u0642\u0637 \u0641\u064a <a href=\"https:\/\/saydalia.ma\/fr\/wp-json\/wp\/v2\/product\/8994\" class=\"qtranxs-available-language-link qtranxs-available-language-link-fr\" title=\"Fran\u00e7ais\">Fran\u00e7ais<\/a>.<\/p>","protected":false},"excerpt":{"rendered":"<p>\u0639\u0641\u0648\u0627\u060c \u0647\u0630\u0647 \u0627\u0644\u0645\u062f\u062e\u0644\u0629 \u0645\u0648\u062c\u0648\u062f\u0629 \u0641\u0642\u0637 \u0641\u064a Fran\u00e7ais.<\/p>\n","protected":false},"featured_media":0,"comment_status":"open","ping_status":"closed","template":"","meta":[],"product_brand":[],"product_cat":[8592],"product_tag":[],"class_list":{"0":"post-8994","1":"product","2":"type-product","3":"status-publish","5":"product_cat-medicaments","6":"pa_classe-therapeutique-antihistaminique-associe-a-des-vitamines","7":"pa_composition-cyproheptadine-vitamine-b1-vitamine-b2-vitamine-b6-vitamine-c-vitamine-pp","8":"pa_distributeur-ou-fabriquant-pharma5","9":"pa_presentation-boite-de-15","10":"pa_statut-commercialise","12":"first","13":"instock","14":"shipping-taxable","15":"purchasable","16":"product-type-simple"},"yoast_head":"<!-- This site is optimized with the Yoast SEO plugin v27.4 - https:\/\/yoast.com\/product\/yoast-seo-wordpress\/ -->\n<title>NURAVIT, Comprim\u00e9 pellicul\u00e9 - Saydalia<\/title>\n<meta name=\"description\" content=\"D\u00e9couvrez toutes les informations sur NURAVIT, Comprim\u00e9 pellicul\u00e9 sur Saydalia.ma. Trouvez des d\u00e9tails, prix et aussi pharmacie de garde.\" \/>\n<meta name=\"robots\" content=\"index, follow, max-snippet:-1, max-image-preview:large, max-video-preview:-1\" \/>\n<link rel=\"canonical\" href=\"https:\/\/saydalia.ma\/ar\/produit\/nuravit-comprime-pellicule\/\" \/>\n<meta property=\"og:locale\" content=\"ar_AR\" \/>\n<meta property=\"og:type\" content=\"article\" \/>\n<meta property=\"og:title\" content=\"NURAVIT, Comprim\u00e9 pellicul\u00e9 - Saydalia\" \/>\n<meta property=\"og:description\" content=\"D\u00e9couvrez toutes les informations sur NURAVIT, Comprim\u00e9 pellicul\u00e9 sur Saydalia.ma. Trouvez des d\u00e9tails, prix et aussi pharmacie de garde.\" \/>\n<meta property=\"og:url\" content=\"https:\/\/saydalia.ma\/ar\/produit\/nuravit-comprime-pellicule\/\" \/>\n<meta property=\"og:site_name\" content=\"Saydalia\" \/>\n<meta property=\"article:modified_time\" content=\"2026-01-15T10:09:29+00:00\" \/>\n<meta name=\"twitter:card\" content=\"summary_large_image\" \/>\n<meta name=\"twitter:label1\" content=\"\u0648\u0642\u062a \u0627\u0644\u0642\u0631\u0627\u0621\u0629 \u0627\u0644\u0645\u064f\u0642\u062f\u0651\u0631\" \/>\n\t<meta name=\"twitter:data1\" content=\"\u062f\u0642\u064a\u0642\u0629 \u0648\u0627\u062d\u062f\u0629\" \/>\n<script type=\"application\/ld+json\" class=\"yoast-schema-graph\">{\"@context\":\"https:\\\/\\\/schema.org\",\"@graph\":[{\"@type\":\"WebPage\",\"@id\":\"https:\\\/\\\/saydalia.ma\\\/ar\\\/produit\\\/nuravit-comprime-pellicule\\\/\",\"url\":\"https:\\\/\\\/saydalia.ma\\\/ar\\\/produit\\\/nuravit-comprime-pellicule\\\/\",\"name\":\"NURAVIT, Comprim\u00e9 pellicul\u00e9 - Saydalia\",\"isPartOf\":{\"@id\":\"https:\\\/\\\/saydalia.ma\\\/ar\\\/#website\"},\"datePublished\":\"2024-05-13T11:03:05+00:00\",\"dateModified\":\"2026-01-15T10:09:29+00:00\",\"description\":\"D\u00e9couvrez toutes les informations sur NURAVIT, Comprim\u00e9 pellicul\u00e9 sur Saydalia.ma. Trouvez des d\u00e9tails, prix et aussi pharmacie de garde.\",\"breadcrumb\":{\"@id\":\"https:\\\/\\\/saydalia.ma\\\/ar\\\/produit\\\/nuravit-comprime-pellicule\\\/#breadcrumb\"},\"inLanguage\":\"ar\",\"potentialAction\":[{\"@type\":\"ReadAction\",\"target\":[[\"https:\\\/\\\/saydalia.ma\\\/ar\\\/produit\\\/nuravit-comprime-pellicule\\\/\"]]}]},{\"@type\":\"BreadcrumbList\",\"@id\":\"https:\\\/\\\/saydalia.ma\\\/ar\\\/produit\\\/nuravit-comprime-pellicule\\\/#breadcrumb\",\"itemListElement\":[{\"@type\":\"ListItem\",\"position\":1,\"name\":\"Accueil\",\"item\":\"https:\\\/\\\/saydalia.ma\\\/ar\\\/\"},{\"@type\":\"ListItem\",\"position\":2,\"name\":\"Boutique\",\"item\":\"https:\\\/\\\/saydalia.ma\\\/ar\\\/boutique\\\/\"},{\"@type\":\"ListItem\",\"position\":3,\"name\":\"NURAVIT, Comprim\u00e9 pellicul\u00e9\"}]},{\"@type\":\"WebSite\",\"@id\":\"https:\\\/\\\/saydalia.ma\\\/ar\\\/#website\",\"url\":\"https:\\\/\\\/saydalia.ma\\\/ar\\\/\",\"name\":\"Saydalia\",\"description\":\"Trouvez la pharmacie la plus proche de vous\",\"publisher\":{\"@id\":\"https:\\\/\\\/saydalia.ma\\\/ar\\\/#organization\"},\"potentialAction\":[{\"@type\":\"SearchAction\",\"target\":{\"@type\":\"EntryPoint\",\"urlTemplate\":\"https:\\\/\\\/saydalia.ma\\\/ar\\\/?s={search_term_string}\"},\"query-input\":{\"@type\":\"PropertyValueSpecification\",\"valueRequired\":true,\"valueName\":\"search_term_string\"}}],\"inLanguage\":\"ar\"},{\"@type\":\"Organization\",\"@id\":\"https:\\\/\\\/saydalia.ma\\\/ar\\\/#organization\",\"name\":\"Saydalia\",\"url\":\"https:\\\/\\\/saydalia.ma\\\/ar\\\/\",\"logo\":{\"@type\":\"ImageObject\",\"inLanguage\":\"ar\",\"@id\":\"https:\\\/\\\/saydalia.ma\\\/ar\\\/#\\\/schema\\\/logo\\\/image\\\/\",\"url\":\"https:\\\/\\\/saydalia.ma\\\/wp-content\\\/uploads\\\/2022\\\/09\\\/Fichier-3.png\",\"contentUrl\":\"https:\\\/\\\/saydalia.ma\\\/wp-content\\\/uploads\\\/2022\\\/09\\\/Fichier-3.png\",\"width\":617,\"height\":580,\"caption\":\"Saydalia\"},\"image\":{\"@id\":\"https:\\\/\\\/saydalia.ma\\\/ar\\\/#\\\/schema\\\/logo\\\/image\\\/\"}}]}<\/script>\n<!-- \/ Yoast SEO plugin. -->","yoast_head_json":{"title":"NURAVIT, Comprim\u00e9 pellicul\u00e9 - Saydalia","description":"D\u00e9couvrez toutes les informations sur NURAVIT, Comprim\u00e9 pellicul\u00e9 sur Saydalia.ma. Trouvez des d\u00e9tails, prix et aussi pharmacie de garde.","robots":{"index":"index","follow":"follow","max-snippet":"max-snippet:-1","max-image-preview":"max-image-preview:large","max-video-preview":"max-video-preview:-1"},"canonical":"https:\/\/saydalia.ma\/ar\/produit\/nuravit-comprime-pellicule\/","og_locale":"ar_AR","og_type":"article","og_title":"NURAVIT, Comprim\u00e9 pellicul\u00e9 - Saydalia","og_description":"D\u00e9couvrez toutes les informations sur NURAVIT, Comprim\u00e9 pellicul\u00e9 sur Saydalia.ma. Trouvez des d\u00e9tails, prix et aussi pharmacie de garde.","og_url":"https:\/\/saydalia.ma\/ar\/produit\/nuravit-comprime-pellicule\/","og_site_name":"Saydalia","article_modified_time":"2026-01-15T10:09:29+00:00","twitter_card":"summary_large_image","twitter_misc":{"\u0648\u0642\u062a \u0627\u0644\u0642\u0631\u0627\u0621\u0629 \u0627\u0644\u0645\u064f\u0642\u062f\u0651\u0631":"\u062f\u0642\u064a\u0642\u0629 \u0648\u0627\u062d\u062f\u0629"},"schema":{"@context":"https:\/\/schema.org","@graph":[{"@type":"WebPage","@id":"https:\/\/saydalia.ma\/ar\/produit\/nuravit-comprime-pellicule\/","url":"https:\/\/saydalia.ma\/ar\/produit\/nuravit-comprime-pellicule\/","name":"NURAVIT, Comprim\u00e9 pellicul\u00e9 - Saydalia","isPartOf":{"@id":"https:\/\/saydalia.ma\/ar\/#website"},"datePublished":"2024-05-13T11:03:05+00:00","dateModified":"2026-01-15T10:09:29+00:00","description":"D\u00e9couvrez toutes les informations sur NURAVIT, Comprim\u00e9 pellicul\u00e9 sur Saydalia.ma. Trouvez des d\u00e9tails, prix et aussi pharmacie de garde.","breadcrumb":{"@id":"https:\/\/saydalia.ma\/ar\/produit\/nuravit-comprime-pellicule\/#breadcrumb"},"inLanguage":"ar","potentialAction":[{"@type":"ReadAction","target":[["https:\/\/saydalia.ma\/ar\/produit\/nuravit-comprime-pellicule\/"]]}]},{"@type":"BreadcrumbList","@id":"https:\/\/saydalia.ma\/ar\/produit\/nuravit-comprime-pellicule\/#breadcrumb","itemListElement":[{"@type":"ListItem","position":1,"name":"Accueil","item":"https:\/\/saydalia.ma\/ar\/"},{"@type":"ListItem","position":2,"name":"Boutique","item":"https:\/\/saydalia.ma\/ar\/boutique\/"},{"@type":"ListItem","position":3,"name":"NURAVIT, Comprim\u00e9 pellicul\u00e9"}]},{"@type":"WebSite","@id":"https:\/\/saydalia.ma\/ar\/#website","url":"https:\/\/saydalia.ma\/ar\/","name":"Saydalia","description":"Trouvez la pharmacie la plus proche de vous","publisher":{"@id":"https:\/\/saydalia.ma\/ar\/#organization"},"potentialAction":[{"@type":"SearchAction","target":{"@type":"EntryPoint","urlTemplate":"https:\/\/saydalia.ma\/ar\/?s={search_term_string}"},"query-input":{"@type":"PropertyValueSpecification","valueRequired":true,"valueName":"search_term_string"}}],"inLanguage":"ar"},{"@type":"Organization","@id":"https:\/\/saydalia.ma\/ar\/#organization","name":"Saydalia","url":"https:\/\/saydalia.ma\/ar\/","logo":{"@type":"ImageObject","inLanguage":"ar","@id":"https:\/\/saydalia.ma\/ar\/#\/schema\/logo\/image\/","url":"https:\/\/saydalia.ma\/wp-content\/uploads\/2022\/09\/Fichier-3.png","contentUrl":"https:\/\/saydalia.ma\/wp-content\/uploads\/2022\/09\/Fichier-3.png","width":617,"height":580,"caption":"Saydalia"},"image":{"@id":"https:\/\/saydalia.ma\/ar\/#\/schema\/logo\/image\/"}}]}},"_links":{"self":[{"href":"https:\/\/saydalia.ma\/ar\/wp-json\/wp\/v2\/product\/8994","targetHints":{"allow":["GET"]}}],"collection":[{"href":"https:\/\/saydalia.ma\/ar\/wp-json\/wp\/v2\/product"}],"about":[{"href":"https:\/\/saydalia.ma\/ar\/wp-json\/wp\/v2\/types\/product"}],"replies":[{"embeddable":true,"href":"https:\/\/saydalia.ma\/ar\/wp-json\/wp\/v2\/comments?post=8994"}],"wp:attachment":[{"href":"https:\/\/saydalia.ma\/ar\/wp-json\/wp\/v2\/media?parent=8994"}],"wp:term":[{"taxonomy":"product_brand","embeddable":true,"href":"https:\/\/saydalia.ma\/ar\/wp-json\/wp\/v2\/product_brand?post=8994"},{"taxonomy":"product_cat","embeddable":true,"href":"https:\/\/saydalia.ma\/ar\/wp-json\/wp\/v2\/product_cat?post=8994"},{"taxonomy":"product_tag","embeddable":true,"href":"https:\/\/saydalia.ma\/ar\/wp-json\/wp\/v2\/product_tag?post=8994"}],"curies":[{"name":"wp","href":"https:\/\/api.w.org\/{rel}","templated":true}]}}