{"id":9041,"date":"2024-05-13T13:03:41","date_gmt":"2024-05-13T11:03:41","guid":{"rendered":"https:\/\/saydalia.ma\/produit\/nuwiq-2000-ui-boite-dun-flacon-de-poudre-et-une-seringue-pre-remplie-de-solvant\/"},"modified":"2024-05-13T13:03:41","modified_gmt":"2024-05-13T11:03:41","slug":"nuwiq-2000-ui-boite-dun-flacon-de-poudre-et-une-seringue-pre-remplie-de-solvant","status":"publish","type":"product","link":"https:\/\/saydalia.ma\/ar\/produit\/nuwiq-2000-ui-boite-dun-flacon-de-poudre-et-une-seringue-pre-remplie-de-solvant\/","title":{"rendered":"NUWIQ 2000 UI, Boite d&#8217;un flacon de poudre et une seringue pr\u00e9 remplie de solvant"},"content":{"rendered":"","protected":false},"excerpt":{"rendered":"","protected":false},"featured_media":0,"comment_status":"open","ping_status":"closed","template":"","meta":[],"product_brand":[],"product_cat":[8592],"product_tag":[],"class_list":{"0":"post-9041","1":"product","2":"type-product","3":"status-publish","5":"product_cat-medicaments","6":"pa_classe-therapeutique-antihemorragique","7":"pa_classe-therapeutique-facteur-viii-de-coagulation-sanguine","8":"pa_code-atc-b02bd02","9":"pa_composition-facteur-viii-de-coagulation-humain-adnr","10":"pa_composition-simoctocog-alfa","11":"pa_distributeur-ou-fabriquant-amanys-pharma-ex-saham-pharma","12":"pa_dosage-2000-ui","13":"pa_presentation-boite-dun-flacon-de-poudre-et-une-seringue-pre-remplie-de-solvant","14":"pa_statut-commercialise","16":"first","17":"instock","18":"shipping-taxable","19":"purchasable","20":"product-type-simple"},"yoast_head":"<!-- This site is optimized with the Yoast SEO plugin v27.3 - https:\/\/yoast.com\/product\/yoast-seo-wordpress\/ -->\n<title>NUWIQ 2000 UI, Boite d&#039;un flacon de poudre et une seringue pr\u00e9 remplie de solvant - Saydalia<\/title>\n<meta name=\"description\" content=\"D\u00e9couvrez toutes les informations sur NUWIQ 2000 UI, Boite d&#039;un flacon de poudre et une seringue pr\u00e9 remplie de solvant sur Saydalia.ma. Trouvez des d\u00e9tails, prix et aussi pharmacie de garde.\" \/>\n<meta name=\"robots\" content=\"index, follow, max-snippet:-1, max-image-preview:large, max-video-preview:-1\" \/>\n<link rel=\"canonical\" href=\"https:\/\/saydalia.ma\/ar\/produit\/nuwiq-2000-ui-boite-dun-flacon-de-poudre-et-une-seringue-pre-remplie-de-solvant\/\" \/>\n<meta property=\"og:locale\" content=\"ar_AR\" \/>\n<meta property=\"og:type\" content=\"article\" \/>\n<meta property=\"og:title\" content=\"NUWIQ 2000 UI, Boite d&#039;un flacon de poudre et une seringue pr\u00e9 remplie de solvant - Saydalia\" \/>\n<meta property=\"og:description\" content=\"D\u00e9couvrez toutes les informations sur NUWIQ 2000 UI, Boite d&#039;un flacon de poudre et une seringue pr\u00e9 remplie de solvant sur Saydalia.ma. Trouvez des d\u00e9tails, prix et aussi pharmacie de garde.\" \/>\n<meta property=\"og:url\" content=\"https:\/\/saydalia.ma\/ar\/produit\/nuwiq-2000-ui-boite-dun-flacon-de-poudre-et-une-seringue-pre-remplie-de-solvant\/\" \/>\n<meta property=\"og:site_name\" content=\"Saydalia\" \/>\n<meta name=\"twitter:card\" content=\"summary_large_image\" \/>\n<script type=\"application\/ld+json\" class=\"yoast-schema-graph\">{\"@context\":\"https:\\\/\\\/schema.org\",\"@graph\":[{\"@type\":\"WebPage\",\"@id\":\"https:\\\/\\\/saydalia.ma\\\/ar\\\/produit\\\/nuwiq-2000-ui-boite-dun-flacon-de-poudre-et-une-seringue-pre-remplie-de-solvant\\\/\",\"url\":\"https:\\\/\\\/saydalia.ma\\\/ar\\\/produit\\\/nuwiq-2000-ui-boite-dun-flacon-de-poudre-et-une-seringue-pre-remplie-de-solvant\\\/\",\"name\":\"NUWIQ 2000 UI, Boite d'un flacon de poudre et une seringue pr\u00e9 remplie de solvant - Saydalia\",\"isPartOf\":{\"@id\":\"https:\\\/\\\/saydalia.ma\\\/ar\\\/#website\"},\"datePublished\":\"2024-05-13T11:03:41+00:00\",\"description\":\"D\u00e9couvrez toutes les informations sur NUWIQ 2000 UI, Boite d'un flacon de poudre et une seringue pr\u00e9 remplie de solvant sur Saydalia.ma. Trouvez des d\u00e9tails, prix et aussi pharmacie de garde.\",\"breadcrumb\":{\"@id\":\"https:\\\/\\\/saydalia.ma\\\/ar\\\/produit\\\/nuwiq-2000-ui-boite-dun-flacon-de-poudre-et-une-seringue-pre-remplie-de-solvant\\\/#breadcrumb\"},\"inLanguage\":\"ar\",\"potentialAction\":[{\"@type\":\"ReadAction\",\"target\":[[\"https:\\\/\\\/saydalia.ma\\\/ar\\\/produit\\\/nuwiq-2000-ui-boite-dun-flacon-de-poudre-et-une-seringue-pre-remplie-de-solvant\\\/\"]]}]},{\"@type\":\"BreadcrumbList\",\"@id\":\"https:\\\/\\\/saydalia.ma\\\/ar\\\/produit\\\/nuwiq-2000-ui-boite-dun-flacon-de-poudre-et-une-seringue-pre-remplie-de-solvant\\\/#breadcrumb\",\"itemListElement\":[{\"@type\":\"ListItem\",\"position\":1,\"name\":\"Accueil\",\"item\":\"https:\\\/\\\/saydalia.ma\\\/ar\\\/\"},{\"@type\":\"ListItem\",\"position\":2,\"name\":\"Boutique\",\"item\":\"https:\\\/\\\/saydalia.ma\\\/ar\\\/boutique\\\/\"},{\"@type\":\"ListItem\",\"position\":3,\"name\":\"NUWIQ 2000 UI, Boite d&rsquo;un flacon de poudre et une seringue pr\u00e9 remplie de solvant\"}]},{\"@type\":\"WebSite\",\"@id\":\"https:\\\/\\\/saydalia.ma\\\/ar\\\/#website\",\"url\":\"https:\\\/\\\/saydalia.ma\\\/ar\\\/\",\"name\":\"Saydalia\",\"description\":\"Trouvez la pharmacie la plus proche de vous\",\"publisher\":{\"@id\":\"https:\\\/\\\/saydalia.ma\\\/ar\\\/#organization\"},\"potentialAction\":[{\"@type\":\"SearchAction\",\"target\":{\"@type\":\"EntryPoint\",\"urlTemplate\":\"https:\\\/\\\/saydalia.ma\\\/ar\\\/?s={search_term_string}\"},\"query-input\":{\"@type\":\"PropertyValueSpecification\",\"valueRequired\":true,\"valueName\":\"search_term_string\"}}],\"inLanguage\":\"ar\"},{\"@type\":\"Organization\",\"@id\":\"https:\\\/\\\/saydalia.ma\\\/ar\\\/#organization\",\"name\":\"Saydalia\",\"url\":\"https:\\\/\\\/saydalia.ma\\\/ar\\\/\",\"logo\":{\"@type\":\"ImageObject\",\"inLanguage\":\"ar\",\"@id\":\"https:\\\/\\\/saydalia.ma\\\/ar\\\/#\\\/schema\\\/logo\\\/image\\\/\",\"url\":\"https:\\\/\\\/saydalia.ma\\\/wp-content\\\/uploads\\\/2022\\\/09\\\/Fichier-3.png\",\"contentUrl\":\"https:\\\/\\\/saydalia.ma\\\/wp-content\\\/uploads\\\/2022\\\/09\\\/Fichier-3.png\",\"width\":617,\"height\":580,\"caption\":\"Saydalia\"},\"image\":{\"@id\":\"https:\\\/\\\/saydalia.ma\\\/ar\\\/#\\\/schema\\\/logo\\\/image\\\/\"}}]}<\/script>\n<!-- \/ Yoast SEO plugin. -->","yoast_head_json":{"title":"NUWIQ 2000 UI, Boite d'un flacon de poudre et une seringue pr\u00e9 remplie de solvant - Saydalia","description":"D\u00e9couvrez toutes les informations sur NUWIQ 2000 UI, Boite d'un flacon de poudre et une seringue pr\u00e9 remplie de solvant sur Saydalia.ma. Trouvez des d\u00e9tails, prix et aussi pharmacie de garde.","robots":{"index":"index","follow":"follow","max-snippet":"max-snippet:-1","max-image-preview":"max-image-preview:large","max-video-preview":"max-video-preview:-1"},"canonical":"https:\/\/saydalia.ma\/ar\/produit\/nuwiq-2000-ui-boite-dun-flacon-de-poudre-et-une-seringue-pre-remplie-de-solvant\/","og_locale":"ar_AR","og_type":"article","og_title":"NUWIQ 2000 UI, Boite d'un flacon de poudre et une seringue pr\u00e9 remplie de solvant - Saydalia","og_description":"D\u00e9couvrez toutes les informations sur NUWIQ 2000 UI, Boite d'un flacon de poudre et une seringue pr\u00e9 remplie de solvant sur Saydalia.ma. Trouvez des d\u00e9tails, prix et aussi pharmacie de garde.","og_url":"https:\/\/saydalia.ma\/ar\/produit\/nuwiq-2000-ui-boite-dun-flacon-de-poudre-et-une-seringue-pre-remplie-de-solvant\/","og_site_name":"Saydalia","twitter_card":"summary_large_image","schema":{"@context":"https:\/\/schema.org","@graph":[{"@type":"WebPage","@id":"https:\/\/saydalia.ma\/ar\/produit\/nuwiq-2000-ui-boite-dun-flacon-de-poudre-et-une-seringue-pre-remplie-de-solvant\/","url":"https:\/\/saydalia.ma\/ar\/produit\/nuwiq-2000-ui-boite-dun-flacon-de-poudre-et-une-seringue-pre-remplie-de-solvant\/","name":"NUWIQ 2000 UI, Boite d'un flacon de poudre et une seringue pr\u00e9 remplie de solvant - Saydalia","isPartOf":{"@id":"https:\/\/saydalia.ma\/ar\/#website"},"datePublished":"2024-05-13T11:03:41+00:00","description":"D\u00e9couvrez toutes les informations sur NUWIQ 2000 UI, Boite d'un flacon de poudre et une seringue pr\u00e9 remplie de solvant sur Saydalia.ma. Trouvez des d\u00e9tails, prix et aussi pharmacie de garde.","breadcrumb":{"@id":"https:\/\/saydalia.ma\/ar\/produit\/nuwiq-2000-ui-boite-dun-flacon-de-poudre-et-une-seringue-pre-remplie-de-solvant\/#breadcrumb"},"inLanguage":"ar","potentialAction":[{"@type":"ReadAction","target":[["https:\/\/saydalia.ma\/ar\/produit\/nuwiq-2000-ui-boite-dun-flacon-de-poudre-et-une-seringue-pre-remplie-de-solvant\/"]]}]},{"@type":"BreadcrumbList","@id":"https:\/\/saydalia.ma\/ar\/produit\/nuwiq-2000-ui-boite-dun-flacon-de-poudre-et-une-seringue-pre-remplie-de-solvant\/#breadcrumb","itemListElement":[{"@type":"ListItem","position":1,"name":"Accueil","item":"https:\/\/saydalia.ma\/ar\/"},{"@type":"ListItem","position":2,"name":"Boutique","item":"https:\/\/saydalia.ma\/ar\/boutique\/"},{"@type":"ListItem","position":3,"name":"NUWIQ 2000 UI, Boite d&rsquo;un flacon de poudre et une seringue pr\u00e9 remplie de solvant"}]},{"@type":"WebSite","@id":"https:\/\/saydalia.ma\/ar\/#website","url":"https:\/\/saydalia.ma\/ar\/","name":"Saydalia","description":"Trouvez la pharmacie la plus proche de vous","publisher":{"@id":"https:\/\/saydalia.ma\/ar\/#organization"},"potentialAction":[{"@type":"SearchAction","target":{"@type":"EntryPoint","urlTemplate":"https:\/\/saydalia.ma\/ar\/?s={search_term_string}"},"query-input":{"@type":"PropertyValueSpecification","valueRequired":true,"valueName":"search_term_string"}}],"inLanguage":"ar"},{"@type":"Organization","@id":"https:\/\/saydalia.ma\/ar\/#organization","name":"Saydalia","url":"https:\/\/saydalia.ma\/ar\/","logo":{"@type":"ImageObject","inLanguage":"ar","@id":"https:\/\/saydalia.ma\/ar\/#\/schema\/logo\/image\/","url":"https:\/\/saydalia.ma\/wp-content\/uploads\/2022\/09\/Fichier-3.png","contentUrl":"https:\/\/saydalia.ma\/wp-content\/uploads\/2022\/09\/Fichier-3.png","width":617,"height":580,"caption":"Saydalia"},"image":{"@id":"https:\/\/saydalia.ma\/ar\/#\/schema\/logo\/image\/"}}]}},"_links":{"self":[{"href":"https:\/\/saydalia.ma\/ar\/wp-json\/wp\/v2\/product\/9041","targetHints":{"allow":["GET"]}}],"collection":[{"href":"https:\/\/saydalia.ma\/ar\/wp-json\/wp\/v2\/product"}],"about":[{"href":"https:\/\/saydalia.ma\/ar\/wp-json\/wp\/v2\/types\/product"}],"replies":[{"embeddable":true,"href":"https:\/\/saydalia.ma\/ar\/wp-json\/wp\/v2\/comments?post=9041"}],"wp:attachment":[{"href":"https:\/\/saydalia.ma\/ar\/wp-json\/wp\/v2\/media?parent=9041"}],"wp:term":[{"taxonomy":"product_brand","embeddable":true,"href":"https:\/\/saydalia.ma\/ar\/wp-json\/wp\/v2\/product_brand?post=9041"},{"taxonomy":"product_cat","embeddable":true,"href":"https:\/\/saydalia.ma\/ar\/wp-json\/wp\/v2\/product_cat?post=9041"},{"taxonomy":"product_tag","embeddable":true,"href":"https:\/\/saydalia.ma\/ar\/wp-json\/wp\/v2\/product_tag?post=9041"}],"curies":[{"name":"wp","href":"https:\/\/api.w.org\/{rel}","templated":true}]}}