{"id":182,"date":"2022-07-22T12:35:04","date_gmt":"2022-07-22T10:35:04","guid":{"rendered":"https:\/\/saydalia.ma\/?page_id=182"},"modified":"2023-06-28T14:09:53","modified_gmt":"2023-06-28T12:09:53","slug":"qui-sommes-nous","status":"publish","type":"page","link":"https:\/\/saydalia.ma\/fr\/qui-sommes-nous\/","title":{"rendered":"Qui sommes-nous?"},"content":{"rendered":"<section class=\"l-section wpb_row height_medium\" id=\"qui_sommes_nous\"><div class=\"l-section-h i-cf\"><div class=\"g-cols vc_row via_grid cols_2 laptops-cols_inherit tablets-cols_inherit mobiles-cols_1 valign_middle type_default reversed stacking_default\"><div class=\"wpb_column vc_column_container\"><div class=\"vc_column-inner\"><div class=\"g-cols wpb_row via_grid cols_1 laptops-cols_inherit tablets-cols_inherit mobiles-cols_1 valign_top type_default stacking_default\"><div class=\"wpb_column vc_column_container\"><div class=\"vc_column-inner\"><div class=\"w-image align_left\"><div class=\"w-image-h\"><img decoding=\"async\" width=\"617\" height=\"580\" src=\"https:\/\/saydalia.ma\/wp-content\/uploads\/2022\/09\/Fichier-3.png\" class=\"attachment-large size-large\" alt=\"Pharmacie-de-garde-Casablanca\" srcset=\"https:\/\/saydalia.ma\/wp-content\/uploads\/2022\/09\/Fichier-3.png 617w, https:\/\/saydalia.ma\/wp-content\/uploads\/2022\/09\/Fichier-3-300x282.png 300w\" sizes=\"(max-width: 617px) 100vw, 617px\" \/><\/div><\/div><\/div><\/div><\/div><\/div><\/div><div class=\"wpb_column vc_column_container\"><div class=\"vc_column-inner\"><div class=\"wpb_text_column\"><div class=\"wpb_wrapper\"><h2>Qui sommes-nous ?<\/h2>\n<\/div><\/div><div class=\"ult-spacer spacer-69fe142581843\" data-id=\"69fe142581843\" data-height=\"20\" data-height-mobile=\"20\" data-height-tab=\"20\" data-height-tab-portrait=\"\" data-height-mobile-landscape=\"\" style=\"clear:both;display:block;\"><\/div><div class=\"wpb_text_column\"><div class=\"wpb_wrapper\"><p><a href=\"https:\/\/saydalia.ma\">Saydalia<\/a> est la premi\u00e8re plateforme num\u00e9rique permettant de g\u00e9olocaliser les pharmacies et les parapharmacies partout sur le territoire marocain. Et ce, 24h\/24, week-ends et jours f\u00e9ri\u00e9s inclus.<\/p>\n<p>Cette solution digitale vous facilite l\u2019acc\u00e8s \u00e0 l\u2019ensemble des pharmacies et des parapharmacies ouvertes \u00e0 proximit\u00e9 de chez vous, du lundi au samedi et m\u00eame le dimanche, en vous informant sur leurs localisations, leurs adresses, leurs num\u00e9ros de t\u00e9l\u00e9phone, etc.<\/p>\n<p>Vous pouvez \u00e9galement utiliser Saydalia pour localiser la pharmacie ou la parapharmacie de garde la plus proche, et vous y rendre sans encombre \u00e0 l\u2019aide d\u2019un itin\u00e9raire et d\u2019une position GPS pr\u00e9cise.<\/p>\n<p>Saydalia est donc un moteur de recherche innovant qui vous fait gagner du temps et de l\u2019\u00e9nergie. En quelques clics seulement, cet outil simple vous permettra de trouver rapidement une pharmacie ou une parapharmacie ouverte pr\u00e8s de chez vous et dans toutes les villes du royaume, de Tanger \u00e0 Lagouira.<\/p>\n<p>Pr\u00e9cisez votre recherche, saisissez l\u2019adresse ou simplement localisez-vous et acc\u00e9dez \u00e0 l\u2019adresse de la pharmacie ou de la parapharmacie disponible \u00e0 proximit\u00e9, de jour comme de nuit, avec le meilleur itin\u00e9raire \u00e0 suivre pour s\u2019y rendre.<\/p>\n<p>Saydalia rapproche les patients, les pharmacies et les parapharmacies partout au Maroc. <\/p>\n<\/div><\/div><div class=\"ult-spacer spacer-69fe142581b2d\" data-id=\"69fe142581b2d\" data-height=\"50\" data-height-mobile=\"50\" data-height-tab=\"50\" data-height-tab-portrait=\"\" data-height-mobile-landscape=\"\" style=\"clear:both;display:block;\"><\/div><div class=\"ult-spacer spacer-69fe142581b54\" data-id=\"69fe142581b54\" data-height=\"20\" data-height-mobile=\"20\" data-height-tab=\"20\" data-height-tab-portrait=\"\" data-height-mobile-landscape=\"\" style=\"clear:both;display:block;\"><\/div><\/div><\/div><\/div><\/div><\/section>","protected":false},"excerpt":{"rendered":"Qui sommes-nous ? Saydalia est la premi\u00e8re plateforme num\u00e9rique permettant de g\u00e9olocaliser les pharmacies et les parapharmacies partout sur le territoire marocain. Et ce, 24h\/24, week-ends et jours f\u00e9ri\u00e9s inclus. Cette solution digitale vous facilite l\u2019acc\u00e8s \u00e0 l\u2019ensemble des pharmacies et des parapharmacies ouvertes \u00e0 proximit\u00e9 de chez vous, du lundi au samedi et m\u00eame...","protected":false},"author":1,"featured_media":0,"parent":0,"menu_order":0,"comment_status":"closed","ping_status":"closed","template":"","meta":{"footnotes":""},"class_list":["post-182","page","type-page","status-publish","hentry"],"yoast_head":"<!-- This site is optimized with the Yoast SEO plugin v27.5 - https:\/\/yoast.com\/product\/yoast-seo-wordpress\/ -->\n<title>Qui sommes-nous? - Saydalia<\/title>\n<meta name=\"description\" content=\"Une application web rapide et pr\u00e9cise pour localiser les parapharmacies et les pharmacies partout au Maroc, tous les jours de la semaine.\" \/>\n<meta name=\"robots\" content=\"index, follow, max-snippet:-1, max-image-preview:large, max-video-preview:-1\" \/>\n<link rel=\"canonical\" href=\"https:\/\/saydalia.ma\/fr\/qui-sommes-nous\/\" \/>\n<meta property=\"og:locale\" content=\"fr_FR\" \/>\n<meta property=\"og:type\" content=\"article\" \/>\n<meta property=\"og:title\" content=\"Qui sommes-nous? - Saydalia\" \/>\n<meta property=\"og:description\" content=\"Une application web rapide et pr\u00e9cise pour localiser les parapharmacies et les pharmacies partout au Maroc, tous les jours de la semaine.\" \/>\n<meta property=\"og:url\" content=\"https:\/\/saydalia.ma\/fr\/qui-sommes-nous\/\" \/>\n<meta property=\"og:site_name\" content=\"Saydalia\" \/>\n<meta property=\"article:modified_time\" content=\"2023-06-28T12:09:53+00:00\" \/>\n<meta name=\"twitter:card\" content=\"summary_large_image\" \/>\n<meta name=\"twitter:label1\" content=\"Dur\u00e9e de lecture estim\u00e9e\" \/>\n\t<meta name=\"twitter:data1\" content=\"1 minute\" \/>\n<script type=\"application\/ld+json\" class=\"yoast-schema-graph\">{\"@context\":\"https:\\\/\\\/schema.org\",\"@graph\":[{\"@type\":\"WebPage\",\"@id\":\"https:\\\/\\\/saydalia.ma\\\/fr\\\/qui-sommes-nous\\\/\",\"url\":\"https:\\\/\\\/saydalia.ma\\\/fr\\\/qui-sommes-nous\\\/\",\"name\":\"Qui sommes-nous? - Saydalia\",\"isPartOf\":{\"@id\":\"https:\\\/\\\/saydalia.ma\\\/fr\\\/#website\"},\"datePublished\":\"2022-07-22T10:35:04+00:00\",\"dateModified\":\"2023-06-28T12:09:53+00:00\",\"description\":\"Une application web rapide et pr\u00e9cise pour localiser les parapharmacies et les pharmacies partout au Maroc, tous les jours de la semaine.\",\"breadcrumb\":{\"@id\":\"https:\\\/\\\/saydalia.ma\\\/fr\\\/qui-sommes-nous\\\/#breadcrumb\"},\"inLanguage\":\"fr-FR\",\"potentialAction\":[{\"@type\":\"ReadAction\",\"target\":[[\"https:\\\/\\\/saydalia.ma\\\/fr\\\/qui-sommes-nous\\\/\"]]}]},{\"@type\":\"BreadcrumbList\",\"@id\":\"https:\\\/\\\/saydalia.ma\\\/fr\\\/qui-sommes-nous\\\/#breadcrumb\",\"itemListElement\":[{\"@type\":\"ListItem\",\"position\":1,\"name\":\"Accueil\",\"item\":\"https:\\\/\\\/saydalia.ma\\\/fr\\\/\"},{\"@type\":\"ListItem\",\"position\":2,\"name\":\"Qui sommes-nous?\"}]},{\"@type\":\"WebSite\",\"@id\":\"https:\\\/\\\/saydalia.ma\\\/fr\\\/#website\",\"url\":\"https:\\\/\\\/saydalia.ma\\\/fr\\\/\",\"name\":\"Saydalia\",\"description\":\"Trouvez la pharmacie la plus proche de vous\",\"publisher\":{\"@id\":\"https:\\\/\\\/saydalia.ma\\\/fr\\\/#organization\"},\"potentialAction\":[{\"@type\":\"SearchAction\",\"target\":{\"@type\":\"EntryPoint\",\"urlTemplate\":\"https:\\\/\\\/saydalia.ma\\\/fr\\\/?s={search_term_string}\"},\"query-input\":{\"@type\":\"PropertyValueSpecification\",\"valueRequired\":true,\"valueName\":\"search_term_string\"}}],\"inLanguage\":\"fr-FR\"},{\"@type\":\"Organization\",\"@id\":\"https:\\\/\\\/saydalia.ma\\\/fr\\\/#organization\",\"name\":\"Saydalia\",\"url\":\"https:\\\/\\\/saydalia.ma\\\/fr\\\/\",\"logo\":{\"@type\":\"ImageObject\",\"inLanguage\":\"fr-FR\",\"@id\":\"https:\\\/\\\/saydalia.ma\\\/fr\\\/#\\\/schema\\\/logo\\\/image\\\/\",\"url\":\"https:\\\/\\\/saydalia.ma\\\/wp-content\\\/uploads\\\/2022\\\/09\\\/Fichier-3.png\",\"contentUrl\":\"https:\\\/\\\/saydalia.ma\\\/wp-content\\\/uploads\\\/2022\\\/09\\\/Fichier-3.png\",\"width\":617,\"height\":580,\"caption\":\"Saydalia\"},\"image\":{\"@id\":\"https:\\\/\\\/saydalia.ma\\\/fr\\\/#\\\/schema\\\/logo\\\/image\\\/\"}}]}<\/script>\n<!-- \/ Yoast SEO plugin. -->","yoast_head_json":{"title":"Qui sommes-nous? - Saydalia","description":"Une application web rapide et pr\u00e9cise pour localiser les parapharmacies et les pharmacies partout au Maroc, tous les jours de la semaine.","robots":{"index":"index","follow":"follow","max-snippet":"max-snippet:-1","max-image-preview":"max-image-preview:large","max-video-preview":"max-video-preview:-1"},"canonical":"https:\/\/saydalia.ma\/fr\/qui-sommes-nous\/","og_locale":"fr_FR","og_type":"article","og_title":"Qui sommes-nous? - Saydalia","og_description":"Une application web rapide et pr\u00e9cise pour localiser les parapharmacies et les pharmacies partout au Maroc, tous les jours de la semaine.","og_url":"https:\/\/saydalia.ma\/fr\/qui-sommes-nous\/","og_site_name":"Saydalia","article_modified_time":"2023-06-28T12:09:53+00:00","twitter_card":"summary_large_image","twitter_misc":{"Dur\u00e9e de lecture estim\u00e9e":"1 minute"},"schema":{"@context":"https:\/\/schema.org","@graph":[{"@type":"WebPage","@id":"https:\/\/saydalia.ma\/fr\/qui-sommes-nous\/","url":"https:\/\/saydalia.ma\/fr\/qui-sommes-nous\/","name":"Qui sommes-nous? - Saydalia","isPartOf":{"@id":"https:\/\/saydalia.ma\/fr\/#website"},"datePublished":"2022-07-22T10:35:04+00:00","dateModified":"2023-06-28T12:09:53+00:00","description":"Une application web rapide et pr\u00e9cise pour localiser les parapharmacies et les pharmacies partout au Maroc, tous les jours de la semaine.","breadcrumb":{"@id":"https:\/\/saydalia.ma\/fr\/qui-sommes-nous\/#breadcrumb"},"inLanguage":"fr-FR","potentialAction":[{"@type":"ReadAction","target":[["https:\/\/saydalia.ma\/fr\/qui-sommes-nous\/"]]}]},{"@type":"BreadcrumbList","@id":"https:\/\/saydalia.ma\/fr\/qui-sommes-nous\/#breadcrumb","itemListElement":[{"@type":"ListItem","position":1,"name":"Accueil","item":"https:\/\/saydalia.ma\/fr\/"},{"@type":"ListItem","position":2,"name":"Qui sommes-nous?"}]},{"@type":"WebSite","@id":"https:\/\/saydalia.ma\/fr\/#website","url":"https:\/\/saydalia.ma\/fr\/","name":"Saydalia","description":"Trouvez la pharmacie la plus proche de vous","publisher":{"@id":"https:\/\/saydalia.ma\/fr\/#organization"},"potentialAction":[{"@type":"SearchAction","target":{"@type":"EntryPoint","urlTemplate":"https:\/\/saydalia.ma\/fr\/?s={search_term_string}"},"query-input":{"@type":"PropertyValueSpecification","valueRequired":true,"valueName":"search_term_string"}}],"inLanguage":"fr-FR"},{"@type":"Organization","@id":"https:\/\/saydalia.ma\/fr\/#organization","name":"Saydalia","url":"https:\/\/saydalia.ma\/fr\/","logo":{"@type":"ImageObject","inLanguage":"fr-FR","@id":"https:\/\/saydalia.ma\/fr\/#\/schema\/logo\/image\/","url":"https:\/\/saydalia.ma\/wp-content\/uploads\/2022\/09\/Fichier-3.png","contentUrl":"https:\/\/saydalia.ma\/wp-content\/uploads\/2022\/09\/Fichier-3.png","width":617,"height":580,"caption":"Saydalia"},"image":{"@id":"https:\/\/saydalia.ma\/fr\/#\/schema\/logo\/image\/"}}]}},"_links":{"self":[{"href":"https:\/\/saydalia.ma\/fr\/wp-json\/wp\/v2\/pages\/182","targetHints":{"allow":["GET"]}}],"collection":[{"href":"https:\/\/saydalia.ma\/fr\/wp-json\/wp\/v2\/pages"}],"about":[{"href":"https:\/\/saydalia.ma\/fr\/wp-json\/wp\/v2\/types\/page"}],"author":[{"embeddable":true,"href":"https:\/\/saydalia.ma\/fr\/wp-json\/wp\/v2\/users\/1"}],"replies":[{"embeddable":true,"href":"https:\/\/saydalia.ma\/fr\/wp-json\/wp\/v2\/comments?post=182"}],"version-history":[{"count":12,"href":"https:\/\/saydalia.ma\/fr\/wp-json\/wp\/v2\/pages\/182\/revisions"}],"predecessor-version":[{"id":6292,"href":"https:\/\/saydalia.ma\/fr\/wp-json\/wp\/v2\/pages\/182\/revisions\/6292"}],"wp:attachment":[{"href":"https:\/\/saydalia.ma\/fr\/wp-json\/wp\/v2\/media?parent=182"}],"curies":[{"name":"wp","href":"https:\/\/api.w.org\/{rel}","templated":true}]}}