{"id":427,"date":"2022-11-08T12:39:32","date_gmt":"2022-11-08T11:39:32","guid":{"rendered":"https:\/\/saydalia.ma\/?page_id=427"},"modified":"2026-01-22T14:39:12","modified_gmt":"2026-01-22T13:39:12","slug":"pharmacie-de-garde","status":"publish","type":"page","link":"https:\/\/saydalia.ma\/fr\/","title":{"rendered":"Trouvez la pharmacie de garde la plus proche de vous au Maroc"},"content":{"rendered":"<section class=\"l-section wpb_row map_container_new height_auto width_full\"><div class=\"l-section-h i-cf\"><div class=\"g-cols vc_row via_grid cols_1 laptops-cols_inherit tablets-cols_inherit mobiles-cols_1 valign_top type_default stacking_default\" style=\"grid-gap:0rem;\"><div class=\"wpb_column vc_column_container\"><div class=\"vc_column-inner\"><div class=\"g-cols wpb_row  hide_on_default hide_on_laptops hide_on_tablets hide_on_mobiles via_grid cols_1 laptops-cols_inherit tablets-cols_inherit mobiles-cols_1 valign_top type_default stacking_default\"><div class=\"wpb_column vc_column_container\"><div class=\"vc_column-inner\"><div class=\"wpb_text_column\"><div class=\"wpb_wrapper\"><h1 style=\"text-align: center;\">Pharmacie de garde Maroc<\/h1>\n<h1 style=\"text-align: center;\">Pharmacie de garde Casablanca<\/h1>\n<\/div><\/div><\/div><\/div><\/div><div class=\"wpb_text_column\"><div class=\"wpb_wrapper\">    <div id=\"nearest-saydalia-map\"><\/div>\r\n    <div id=\"filter-button\"><\/div>\r\n    <div id=\"filter-button-quartier\">\r\n    <input type=\"text\" id=\"location-input\" placeholder=\"Rechercher par adresse ou quartier\">\r\n    <button id=\"clear-button\" class=\"close-button\" title=\"Clear\">X<\/button>\r\n    <\/div>\r\n    <div id=\"alert-message\"><div class=\"alert-message-text\">Merci d'appeler la pharmacie pr\u00e9alablement !<\/div><\/div>\r\n    <p id=\"city\">Detecting city...<\/p>\r\n    \n<\/div><\/div><\/div><\/div><\/div><\/div><\/section><section class=\"l-section wpb_row height_auto\"><div class=\"l-section-h i-cf\"><div class=\"g-cols vc_row via_grid cols_1 laptops-cols_inherit tablets-cols_inherit mobiles-cols_1 valign_top type_default stacking_default\"><div class=\"wpb_column vc_column_container\"><div class=\"vc_column-inner\"><div class=\"ult-spacer spacer-69d950ad60557\" data-id=\"69d950ad60557\" data-height=\"50\" data-height-mobile=\"50\" data-height-tab=\"50\" data-height-tab-portrait=\"\" data-height-mobile-landscape=\"\" style=\"clear:both;display:block;\"><\/div><div class=\"w-hwrapper align_center valign_top\"><div class=\"w-image align_none\"><a target=\"_blank\" href=\"https:\/\/saydalia.onelink.me\/exgr\/mizxgh2f\" rel=\"noopener\" aria-label=\"Lien\" class=\"w-image-h\"><img decoding=\"async\" width=\"200\" height=\"61\" src=\"https:\/\/saydalia.ma\/wp-content\/uploads\/2023\/02\/google_logo.png\" class=\"attachment-large size-large\" alt=\"pharmacie de garde Casablanca\" \/><\/a><\/div><div class=\"w-image align_none\"><a target=\"_blank\" href=\"https:\/\/saydalia.onelink.me\/exgr\/mizxgh2f\" rel=\"noopener\" aria-label=\"Lien\" class=\"w-image-h\"><img decoding=\"async\" width=\"200\" height=\"61\" src=\"https:\/\/saydalia.ma\/wp-content\/uploads\/2023\/02\/apple_logo.png\" class=\"attachment-large size-large\" alt=\"pharmacie de garde - Pharmacie de garde casablanca\" \/><\/a><\/div><\/div><\/div><\/div><\/div><\/div><\/section><section class=\"l-section wpb_row height_medium\"><div class=\"l-section-h i-cf\"><div class=\"g-cols vc_row via_grid cols_1 laptops-cols_inherit tablets-cols_inherit mobiles-cols_1 valign_top type_default stacking_default\"><div class=\"wpb_column vc_column_container\"><div class=\"vc_column-inner\"><div class=\"g-cols wpb_row via_grid cols_1 laptops-cols_inherit tablets-cols_inherit mobiles-cols_1 valign_top type_default stacking_default\"><div class=\"wpb_column vc_column_container\"><div class=\"vc_column-inner\"><div class=\"wpb_text_column\"><div class=\"wpb_wrapper\"><h2 style=\"text-align: center;\">BLOG<\/h2>\n<\/div><\/div><div class=\"ult-spacer spacer-69d950ad625ba\" data-id=\"69d950ad625ba\" data-height=\"50\" data-height-mobile=\"50\" data-height-tab=\"50\" data-height-tab-portrait=\"\" data-height-mobile-landscape=\"\" style=\"clear:both;display:block;\"><\/div><div class=\"w-grid type_grid layout_459 cols_3\" id=\"us_grid_1\" data-filterable=\"true\"><style>#us_grid_1 .w-grid-item{padding:1.5rem}#us_grid_1 .w-grid-list{margin:-1.5rem}.w-grid + #us_grid_1 .w-grid-list,.w-grid-none + #us_grid_1 .w-grid-list{margin-top:1.5rem}@media (max-width:899px){#us_grid_1 .w-grid-item{width:50%}}@media (max-width:599px){#us_grid_1 .w-grid-list{margin:0}#us_grid_1 .w-grid-item{width:100%;padding:0;margin-bottom:1.5rem}}.layout_459 .w-grid-item-h{}.layout_459 .usg_post_image_1{margin-bottom:1rem!important}.layout_459 .usg_post_title_1{font-size:1.4rem!important;margin-bottom:0.5rem!important}.layout_459 .usg_hwrapper_1{color:var(--color-content-faded)!important;font-size:0.9rem!important}.layout_459 .usg_post_content_1{margin-top:0.5rem!important}.layout_459 .usg_btn_1{margin-top:1.5rem!important}<\/style><div class=\"w-grid-list\">\t<article class=\"w-grid-item size_1x1 post-13400 post type-post status-publish format-standard has-post-thumbnail hentry category-blog category-13926\" data-id=\"13400\">\r\n\t\t<div class=\"w-grid-item-h\">\r\n\t\t\t\t\t\t<div class=\"w-post-elm post_image usg_post_image_1 stretched\"><a href=\"https:\/\/saydalia.ma\/fr\/blog\/helicobacter-pylori-causes-symptomes-et-traitements\/\" aria-label=\"Helicobacter pylori : causes, sympt\u00f4mes et traitements\"><img decoding=\"async\" width=\"1024\" height=\"1015\" src=\"https:\/\/saydalia.ma\/wp-content\/uploads\/2026\/03\/Reel-Cover-web-1-1024x1015.jpg\" class=\"attachment-large size-large wp-post-image\" alt=\"\" srcset=\"https:\/\/saydalia.ma\/wp-content\/uploads\/2026\/03\/Reel-Cover-web-1-1024x1015.jpg 1024w, https:\/\/saydalia.ma\/wp-content\/uploads\/2026\/03\/Reel-Cover-web-1-300x297.jpg 300w, https:\/\/saydalia.ma\/wp-content\/uploads\/2026\/03\/Reel-Cover-web-1-150x150.jpg 150w, https:\/\/saydalia.ma\/wp-content\/uploads\/2026\/03\/Reel-Cover-web-1-600x594.jpg 600w, https:\/\/saydalia.ma\/wp-content\/uploads\/2026\/03\/Reel-Cover-web-1-64x63.jpg 64w, https:\/\/saydalia.ma\/wp-content\/uploads\/2026\/03\/Reel-Cover-web-1.jpg 1080w\" sizes=\"(max-width: 1024px) 100vw, 1024px\" \/><\/a><\/div><h2 class=\"w-post-elm post_title usg_post_title_1 entry-title color_link_inherit\"><a href=\"https:\/\/saydalia.ma\/fr\/blog\/helicobacter-pylori-causes-symptomes-et-traitements\/\">Helicobacter pylori : causes, sympt\u00f4mes et traitements<\/a><\/h2><div class=\"w-hwrapper usg_hwrapper_1 align_none valign_top wrap\"><time class=\"w-post-elm post_date usg_post_date_1 entry-date published\" datetime=\"%2\">27 mars 2026<\/time><div class=\"w-post-elm post_taxonomy usg_post_taxonomy_1 style_simple color_link_inherit\"><a href=\"https:\/\/saydalia.ma\/fr\/category\/blog\/\">blog<\/a>, <a href=\"https:\/\/saydalia.ma\/fr\/category\/blog\/\u0637\u0628-\u0639\u0627\u0645\/\">M\u00e9decine g\u00e9n\u00e9rale<\/a><\/div><\/div><div class=\"w-post-elm post_content usg_post_content_1\">Helicobacter pylori : d\u00e9couvrez ses causes, sympt\u00f4mes et traitements. D\u00e9pistage pr\u00e9coce et prise en charge sont essentiels pour prot\u00e9ger votre sant\u00e9 digestive.<\/div><a class=\"w-btn us-btn-style_2 usg_btn_1\" href=\"https:\/\/saydalia.ma\/fr\/blog\/helicobacter-pylori-causes-symptomes-et-traitements\/\"><span class=\"w-btn-label\">En savoir plus<\/span><\/a>\t\t<\/div>\r\n\t<\/article>\r\n\t<article class=\"w-grid-item size_1x1 post-13396 post type-post status-publish format-standard has-post-thumbnail hentry category-blog category-13928\" data-id=\"13396\">\r\n\t\t<div class=\"w-grid-item-h\">\r\n\t\t\t\t\t\t<div class=\"w-post-elm post_image usg_post_image_1 stretched\"><a href=\"https:\/\/saydalia.ma\/fr\/blog\/faire-du-sport-pendant-le-ramadan-comment-rester-actif-et-en-bonne-sante-pendant-le-jeune-2\/\" aria-label=\"Faire du sport pendant le Ramadan : comment rester actif et en bonne sant\u00e9 pendant le je\u00fbne\"><img decoding=\"async\" width=\"1024\" height=\"1024\" src=\"https:\/\/saydalia.ma\/wp-content\/uploads\/2026\/03\/REEL-COVER-WEB-1024x1024.jpg\" class=\"attachment-large size-large wp-post-image\" alt=\"\" srcset=\"https:\/\/saydalia.ma\/wp-content\/uploads\/2026\/03\/REEL-COVER-WEB-1024x1024.jpg 1024w, https:\/\/saydalia.ma\/wp-content\/uploads\/2026\/03\/REEL-COVER-WEB-300x300.jpg 300w, https:\/\/saydalia.ma\/wp-content\/uploads\/2026\/03\/REEL-COVER-WEB-150x150.jpg 150w, https:\/\/saydalia.ma\/wp-content\/uploads\/2026\/03\/REEL-COVER-WEB-600x600.jpg 600w, https:\/\/saydalia.ma\/wp-content\/uploads\/2026\/03\/REEL-COVER-WEB-64x64.jpg 64w, https:\/\/saydalia.ma\/wp-content\/uploads\/2026\/03\/REEL-COVER-WEB.jpg 1080w\" sizes=\"(max-width: 1024px) 100vw, 1024px\" \/><\/a><\/div><h2 class=\"w-post-elm post_title usg_post_title_1 entry-title color_link_inherit\"><a href=\"https:\/\/saydalia.ma\/fr\/blog\/faire-du-sport-pendant-le-ramadan-comment-rester-actif-et-en-bonne-sante-pendant-le-jeune-2\/\">Faire du sport pendant le Ramadan : comment rester actif et en bonne sant\u00e9 pendant le je\u00fbne<\/a><\/h2><div class=\"w-hwrapper usg_hwrapper_1 align_none valign_top wrap\"><time class=\"w-post-elm post_date usg_post_date_1 entry-date published\" datetime=\"%2\">11 mars 2026<\/time><div class=\"w-post-elm post_taxonomy usg_post_taxonomy_1 style_simple color_link_inherit\"><a href=\"https:\/\/saydalia.ma\/fr\/category\/blog\/\">blog<\/a>, <a href=\"https:\/\/saydalia.ma\/fr\/category\/blog\/\u0645\u062a\u0646\u0648\u0639\u0627\u062a\/\">Divers<\/a><\/div><\/div><div class=\"w-post-elm post_content usg_post_content_1\">Le mois sacr\u00e9 de Ramadan n\u2019est pas un obstacle \u00e0 la pratique sportive. Au contraire, il peut \u00eatre une opportunit\u00e9 pour renforcer la sant\u00e9 et maintenir son activit\u00e9 physique, \u00e0 condition de bien planifier ses entra\u00eenements. Le je\u00fbne demande un\u2026<\/div><a class=\"w-btn us-btn-style_2 usg_btn_1\" href=\"https:\/\/saydalia.ma\/fr\/blog\/faire-du-sport-pendant-le-ramadan-comment-rester-actif-et-en-bonne-sante-pendant-le-jeune-2\/\"><span class=\"w-btn-label\">En savoir plus<\/span><\/a>\t\t<\/div>\r\n\t<\/article>\r\n\t<article class=\"w-grid-item size_1x1 post-13388 post type-post status-publish format-standard has-post-thumbnail hentry category-blog category-13926\" data-id=\"13388\">\r\n\t\t<div class=\"w-grid-item-h\">\r\n\t\t\t\t\t\t<div class=\"w-post-elm post_image usg_post_image_1 stretched\"><a href=\"https:\/\/saydalia.ma\/fr\/blog\/la-fatigue-en-hiver-comment-retrouver-de-lenergie-grace-a-lalimentation-2\/\" aria-label=\"La fatigue en hiver : comment retrouver de l\u2019\u00e9nergie gr\u00e2ce \u00e0 l\u2019alimentation\"><img decoding=\"async\" width=\"1024\" height=\"1024\" src=\"https:\/\/saydalia.ma\/wp-content\/uploads\/2026\/02\/Reel-Cover-web-1024x1024.jpg\" class=\"attachment-large size-large wp-post-image\" alt=\"\" srcset=\"https:\/\/saydalia.ma\/wp-content\/uploads\/2026\/02\/Reel-Cover-web-1024x1024.jpg 1024w, https:\/\/saydalia.ma\/wp-content\/uploads\/2026\/02\/Reel-Cover-web-300x300.jpg 300w, https:\/\/saydalia.ma\/wp-content\/uploads\/2026\/02\/Reel-Cover-web-150x150.jpg 150w, https:\/\/saydalia.ma\/wp-content\/uploads\/2026\/02\/Reel-Cover-web-600x600.jpg 600w, https:\/\/saydalia.ma\/wp-content\/uploads\/2026\/02\/Reel-Cover-web-64x64.jpg 64w, https:\/\/saydalia.ma\/wp-content\/uploads\/2026\/02\/Reel-Cover-web.jpg 1080w\" sizes=\"(max-width: 1024px) 100vw, 1024px\" \/><\/a><\/div><h2 class=\"w-post-elm post_title usg_post_title_1 entry-title color_link_inherit\"><a href=\"https:\/\/saydalia.ma\/fr\/blog\/la-fatigue-en-hiver-comment-retrouver-de-lenergie-grace-a-lalimentation-2\/\">La fatigue en hiver : comment retrouver de l\u2019\u00e9nergie gr\u00e2ce \u00e0 l\u2019alimentation<\/a><\/h2><div class=\"w-hwrapper usg_hwrapper_1 align_none valign_top wrap\"><time class=\"w-post-elm post_date usg_post_date_1 entry-date published\" datetime=\"%2\">16 f\u00e9vrier 2026<\/time><div class=\"w-post-elm post_taxonomy usg_post_taxonomy_1 style_simple color_link_inherit\"><a href=\"https:\/\/saydalia.ma\/fr\/category\/blog\/\">blog<\/a>, <a href=\"https:\/\/saydalia.ma\/fr\/category\/blog\/\u0637\u0628-\u0639\u0627\u0645\/\">M\u00e9decine g\u00e9n\u00e9rale<\/a><\/div><\/div><div class=\"w-post-elm post_content usg_post_content_1\">En hiver, la fatigue se fait souvent sentir\u2026 D\u00e9couvrez comment une alimentation adapt\u00e9e peut vous redonner \u00e9nergie et vitalit\u00e9 tout au long de la saison.<\/div><a class=\"w-btn us-btn-style_2 usg_btn_1\" href=\"https:\/\/saydalia.ma\/fr\/blog\/la-fatigue-en-hiver-comment-retrouver-de-lenergie-grace-a-lalimentation-2\/\"><span class=\"w-btn-label\">En savoir plus<\/span><\/a>\t\t<\/div>\r\n\t<\/article>\r\n<\/div><div class=\"w-grid-preloader\"><div class=\"g-preloader type_1\">\r\n\t<div><\/div>\r\n<\/div>\r\n<\/div>\t<div class=\"w-grid-json hidden\" onclick='return {&quot;action&quot;:&quot;us_ajax_grid&quot;,&quot;ajax_url&quot;:&quot;https:\\\/\\\/saydalia.ma\\\/wp-admin\\\/admin-ajax.php&quot;,&quot;infinite_scroll&quot;:0,&quot;max_num_pages&quot;:22,&quot;pagination&quot;:&quot;none&quot;,&quot;permalink_url&quot;:&quot;https:\\\/\\\/saydalia.ma\\\/fr\\\/wp-json\\\/wp\\\/v2\\\/pages\\\/427&quot;,&quot;template_vars&quot;:{&quot;columns&quot;:&quot;3&quot;,&quot;exclude_items&quot;:&quot;none&quot;,&quot;img_size&quot;:&quot;default&quot;,&quot;ignore_items_size&quot;:false,&quot;items_layout&quot;:&quot;459&quot;,&quot;items_offset&quot;:&quot;1&quot;,&quot;load_animation&quot;:&quot;none&quot;,&quot;overriding_link&quot;:&quot;none&quot;,&quot;post_id&quot;:427,&quot;query_args&quot;:{&quot;post_type&quot;:[&quot;post&quot;],&quot;tax_query&quot;:[{&quot;taxonomy&quot;:&quot;category&quot;,&quot;field&quot;:&quot;slug&quot;,&quot;terms&quot;:[&quot;blog&quot;]}],&quot;post_status&quot;:[&quot;publish&quot;],&quot;posts_per_page&quot;:&quot;3&quot;},&quot;orderby_query_args&quot;:{&quot;orderby&quot;:{&quot;date&quot;:&quot;DESC&quot;}},&quot;type&quot;:&quot;grid&quot;,&quot;us_grid_ajax_index&quot;:1,&quot;us_grid_filter_params&quot;:null,&quot;us_grid_index&quot;:1,&quot;_us_grid_post_type&quot;:&quot;post&quot;}}'><\/div>\r\n\t<\/div><div class=\"ult-spacer spacer-69d950ad6f000\" data-id=\"69d950ad6f000\" data-height=\"50\" data-height-mobile=\"50\" data-height-tab=\"50\" data-height-tab-portrait=\"\" data-height-mobile-landscape=\"\" style=\"clear:both;display:block;\"><\/div><\/div><\/div><\/div><\/div><\/div><\/div><\/div><\/section><section class=\"l-section wpb_row height_medium\" id=\"qui_sommes_nous\"><div class=\"l-section-h i-cf\"><div class=\"g-cols vc_row via_grid cols_2 laptops-cols_inherit tablets-cols_inherit mobiles-cols_1 valign_middle type_default reversed stacking_default\"><div class=\"wpb_column vc_column_container\"><div class=\"vc_column-inner\"><div class=\"g-cols wpb_row via_grid cols_1 laptops-cols_inherit tablets-cols_inherit mobiles-cols_1 valign_top type_default stacking_default\"><div class=\"wpb_column vc_column_container\"><div class=\"vc_column-inner\"><div class=\"w-image align_left\"><div class=\"w-image-h\"><img decoding=\"async\" width=\"1024\" height=\"1004\" src=\"https:\/\/saydalia.ma\/wp-content\/uploads\/2025\/10\/ezgif.com-png-to-webp-converter-1-1024x1004.webp\" class=\"attachment-large size-large\" alt=\"Pharmacie de Garde Maroc - Pharmacie de Garde Casablanca\" srcset=\"https:\/\/saydalia.ma\/wp-content\/uploads\/2025\/10\/ezgif.com-png-to-webp-converter-1-1024x1004.webp 1024w, https:\/\/saydalia.ma\/wp-content\/uploads\/2025\/10\/ezgif.com-png-to-webp-converter-1-300x294.webp 300w, https:\/\/saydalia.ma\/wp-content\/uploads\/2025\/10\/ezgif.com-png-to-webp-converter-1-600x588.webp 600w, https:\/\/saydalia.ma\/wp-content\/uploads\/2025\/10\/ezgif.com-png-to-webp-converter-1-64x63.webp 64w, https:\/\/saydalia.ma\/wp-content\/uploads\/2025\/10\/ezgif.com-png-to-webp-converter-1.webp 1080w\" sizes=\"(max-width: 1024px) 100vw, 1024px\" \/><\/div><\/div><\/div><\/div><\/div><\/div><\/div><div class=\"wpb_column vc_column_container\"><div class=\"vc_column-inner\"><div class=\"wpb_text_column\"><div class=\"wpb_wrapper\"><h2>Qui sommes-nous ?<\/h2>\n<\/div><\/div><div class=\"ult-spacer spacer-69d950ad70948\" data-id=\"69d950ad70948\" data-height=\"20\" data-height-mobile=\"20\" data-height-tab=\"20\" data-height-tab-portrait=\"\" data-height-mobile-landscape=\"\" style=\"clear:both;display:block;\"><\/div><div class=\"wpb_text_column\"><div class=\"wpb_wrapper\"><p><a href=\"https:\/\/saydalia.ma\/qui-sommes-nous\/\">Saydalia<\/a> est la premi\u00e8re plateforme num\u00e9rique permettant de g\u00e9olocaliser <a href=\"https:\/\/saydalia.ma\">pharmacie de garde<\/a> et les parapharmacies partout sur le territoire marocain. Et ce, 24h\/24, week-ends et jours f\u00e9ri\u00e9s inclus.<\/p>\n<p>Cette solution digitale vous facilite l\u2019acc\u00e8s \u00e0 l\u2019ensemble des <a href=\"https:\/\/saydalia.ma\/fr\/pharmacies-de-garde\/\">pharmacies de garde<\/a>\u00a0et des parapharmacies ouvertes \u00e0 proximit\u00e9 de chez vous, du lundi au samedi et m\u00eame le dimanche, en vous informant sur leurs localisations, leurs adresses, leurs num\u00e9ros de t\u00e9l\u00e9phone, etc.<\/p>\n<\/div><\/div><div class=\"ult-spacer spacer-69d950ad70aea\" data-id=\"69d950ad70aea\" data-height=\"50\" data-height-mobile=\"50\" data-height-tab=\"50\" data-height-tab-portrait=\"\" data-height-mobile-landscape=\"\" style=\"clear:both;display:block;\"><\/div><div class=\"w-btn-wrapper align_none\"><a class=\"w-btn us-btn-style_1\" title=\"Qui sommes nous?\" href=\"https:\/\/saydalia.ma\/qui-sommes-nous\/\"><span class=\"w-btn-label\">EN SAVOIR PLUS<\/span><\/a><\/div><div class=\"ult-spacer spacer-69d950ad70c4d\" data-id=\"69d950ad70c4d\" data-height=\"20\" data-height-mobile=\"20\" data-height-tab=\"20\" data-height-tab-portrait=\"\" data-height-mobile-landscape=\"\" style=\"clear:both;display:block;\"><\/div><\/div><\/div><\/div><\/div><\/section><section class=\"l-section wpb_row show_desktop  hide_on_tablets hide_on_mobiles height_auto\"><div class=\"l-section-h i-cf\"><div class=\"g-cols vc_row via_grid cols_1 laptops-cols_inherit tablets-cols_inherit mobiles-cols_1 valign_top type_default stacking_default\"><div class=\"wpb_column vc_column_container has-link\"><div class=\"vc_column-inner\"><\/div><a target=\"_blank\" href=\"https:\/\/saydalia.ma\/fr\/sondage-s1-24\/\" rel=\"noopener\" class=\"vc_column-link smooth-scroll\" aria-label=\"Lien\"><\/a><\/div><\/div><\/div><\/section><!-- Row Backgrounds --><section class=\"l-section wpb_row show_mobile  hide_on_default hide_on_laptops height_auto\" id=\"hide_android\"><div class=\"l-section-h i-cf\"><div class=\"g-cols vc_row via_grid cols_1 laptops-cols_inherit tablets-cols_inherit mobiles-cols_1 valign_top type_default stacking_default\"><div class=\"wpb_column vc_column_container has-link\"><div class=\"vc_column-inner\"><\/div><a target=\"_blank\" href=\"https:\/\/saydalia.ma\/fr\/sondage-s1-24\/\" rel=\"noopener\" class=\"vc_column-link smooth-scroll\" aria-label=\"Lien\"><\/a><\/div><\/div><\/div><\/section><!-- Row Backgrounds -->","protected":false},"excerpt":{"rendered":"Lorsque les temp\u00e9ratures chutent et que les journ\u00e9es raccourcissent, il est normal de ressentir une baisse d\u2019\u00e9nergie. La fatigue hivernale peut se manifester par une sensation de lourdeur, un manque de motivation ou un besoin accru de sommeil. Mais une alimentation bien pens\u00e9e peut grandement contribuer \u00e0 att\u00e9nuer ces effets. Des repas chauds et \u00e9quilibr\u00e9s...","protected":false},"author":1,"featured_media":0,"parent":0,"menu_order":0,"comment_status":"closed","ping_status":"closed","template":"","meta":{"footnotes":""},"class_list":["post-427","page","type-page","status-publish","hentry"],"yoast_head":"<!-- This site is optimized with the Yoast SEO plugin v27.3 - https:\/\/yoast.com\/product\/yoast-seo-wordpress\/ -->\n<title>Pharmacie de Garde au Maroc | Disponibles 24h\/7j | Saydalia<\/title>\n<meta name=\"description\" content=\"Saydalia vous permet de g\u00e9olocaliser pharmacie de garde au Maroc: Casablanca, Rabat, Marrakech, Agadir. Garde du jour &amp; garde de nuit.\" \/>\n<meta name=\"robots\" content=\"index, follow, max-snippet:-1, max-image-preview:large, max-video-preview:-1\" \/>\n<link rel=\"canonical\" href=\"https:\/\/saydalia.ma\/fr\/\" \/>\n<meta property=\"og:locale\" content=\"fr_FR\" \/>\n<meta property=\"og:type\" content=\"article\" \/>\n<meta property=\"og:title\" content=\"Pharmacie de Garde au Maroc | Disponibles 24h\/7j | Saydalia\" \/>\n<meta property=\"og:description\" content=\"Saydalia vous permet de g\u00e9olocaliser pharmacie de garde au Maroc: Casablanca, Rabat, Marrakech, Agadir. Garde du jour &amp; garde de nuit.\" \/>\n<meta property=\"og:url\" content=\"https:\/\/saydalia.ma\/fr\/\" \/>\n<meta property=\"og:site_name\" content=\"Saydalia\" \/>\n<meta property=\"article:modified_time\" content=\"2026-01-22T13:39:12+00:00\" \/>\n<meta name=\"twitter:card\" content=\"summary_large_image\" \/>\n<meta name=\"twitter:label1\" content=\"Dur\u00e9e de lecture estim\u00e9e\" \/>\n\t<meta name=\"twitter:data1\" content=\"2 minutes\" \/>\n<script type=\"application\/ld+json\" class=\"yoast-schema-graph\">{\"@context\":\"https:\\\/\\\/schema.org\",\"@graph\":[{\"@type\":\"WebPage\",\"@id\":\"https:\\\/\\\/saydalia.ma\\\/fr\\\/\",\"url\":\"https:\\\/\\\/saydalia.ma\\\/fr\\\/\",\"name\":\"Pharmacie de Garde au Maroc | Disponibles 24h\\\/7j | Saydalia\",\"isPartOf\":{\"@id\":\"https:\\\/\\\/saydalia.ma\\\/fr\\\/#website\"},\"datePublished\":\"2022-11-08T11:39:32+00:00\",\"dateModified\":\"2026-01-22T13:39:12+00:00\",\"description\":\"Saydalia vous permet de g\u00e9olocaliser pharmacie de garde au Maroc: Casablanca, Rabat, Marrakech, Agadir. Garde du jour & garde de nuit.\",\"breadcrumb\":{\"@id\":\"https:\\\/\\\/saydalia.ma\\\/fr\\\/#breadcrumb\"},\"inLanguage\":\"fr-FR\",\"potentialAction\":[{\"@type\":\"ReadAction\",\"target\":[[\"https:\\\/\\\/saydalia.ma\\\/fr\\\/\"]]}]},{\"@type\":\"BreadcrumbList\",\"@id\":\"https:\\\/\\\/saydalia.ma\\\/fr\\\/#breadcrumb\",\"itemListElement\":[{\"@type\":\"ListItem\",\"position\":1,\"name\":\"Accueil\",\"item\":\"https:\\\/\\\/saydalia.ma\\\/fr\\\/\"},{\"@type\":\"ListItem\",\"position\":2,\"name\":\"Trouvez la pharmacie de garde la plus proche de vous au Maroc\"}]},{\"@type\":\"WebSite\",\"@id\":\"https:\\\/\\\/saydalia.ma\\\/fr\\\/#website\",\"url\":\"https:\\\/\\\/saydalia.ma\\\/fr\\\/\",\"name\":\"Saydalia\",\"description\":\"Trouvez la pharmacie la plus proche de vous\",\"publisher\":{\"@id\":\"https:\\\/\\\/saydalia.ma\\\/fr\\\/#organization\"},\"potentialAction\":[{\"@type\":\"SearchAction\",\"target\":{\"@type\":\"EntryPoint\",\"urlTemplate\":\"https:\\\/\\\/saydalia.ma\\\/fr\\\/?s={search_term_string}\"},\"query-input\":{\"@type\":\"PropertyValueSpecification\",\"valueRequired\":true,\"valueName\":\"search_term_string\"}}],\"inLanguage\":\"fr-FR\"},{\"@type\":\"Organization\",\"@id\":\"https:\\\/\\\/saydalia.ma\\\/fr\\\/#organization\",\"name\":\"Saydalia\",\"url\":\"https:\\\/\\\/saydalia.ma\\\/fr\\\/\",\"logo\":{\"@type\":\"ImageObject\",\"inLanguage\":\"fr-FR\",\"@id\":\"https:\\\/\\\/saydalia.ma\\\/fr\\\/#\\\/schema\\\/logo\\\/image\\\/\",\"url\":\"https:\\\/\\\/saydalia.ma\\\/wp-content\\\/uploads\\\/2022\\\/09\\\/Fichier-3.png\",\"contentUrl\":\"https:\\\/\\\/saydalia.ma\\\/wp-content\\\/uploads\\\/2022\\\/09\\\/Fichier-3.png\",\"width\":617,\"height\":580,\"caption\":\"Saydalia\"},\"image\":{\"@id\":\"https:\\\/\\\/saydalia.ma\\\/fr\\\/#\\\/schema\\\/logo\\\/image\\\/\"}}]}<\/script>\n<!-- \/ Yoast SEO plugin. -->","yoast_head_json":{"title":"Pharmacie de Garde au Maroc | Disponibles 24h\/7j | Saydalia","description":"Saydalia vous permet de g\u00e9olocaliser pharmacie de garde au Maroc: Casablanca, Rabat, Marrakech, Agadir. Garde du jour & garde de nuit.","robots":{"index":"index","follow":"follow","max-snippet":"max-snippet:-1","max-image-preview":"max-image-preview:large","max-video-preview":"max-video-preview:-1"},"canonical":"https:\/\/saydalia.ma\/fr\/","og_locale":"fr_FR","og_type":"article","og_title":"Pharmacie de Garde au Maroc | Disponibles 24h\/7j | Saydalia","og_description":"Saydalia vous permet de g\u00e9olocaliser pharmacie de garde au Maroc: Casablanca, Rabat, Marrakech, Agadir. Garde du jour & garde de nuit.","og_url":"https:\/\/saydalia.ma\/fr\/","og_site_name":"Saydalia","article_modified_time":"2026-01-22T13:39:12+00:00","twitter_card":"summary_large_image","twitter_misc":{"Dur\u00e9e de lecture estim\u00e9e":"2 minutes"},"schema":{"@context":"https:\/\/schema.org","@graph":[{"@type":"WebPage","@id":"https:\/\/saydalia.ma\/fr\/","url":"https:\/\/saydalia.ma\/fr\/","name":"Pharmacie de Garde au Maroc | Disponibles 24h\/7j | Saydalia","isPartOf":{"@id":"https:\/\/saydalia.ma\/fr\/#website"},"datePublished":"2022-11-08T11:39:32+00:00","dateModified":"2026-01-22T13:39:12+00:00","description":"Saydalia vous permet de g\u00e9olocaliser pharmacie de garde au Maroc: Casablanca, Rabat, Marrakech, Agadir. Garde du jour & garde de nuit.","breadcrumb":{"@id":"https:\/\/saydalia.ma\/fr\/#breadcrumb"},"inLanguage":"fr-FR","potentialAction":[{"@type":"ReadAction","target":[["https:\/\/saydalia.ma\/fr\/"]]}]},{"@type":"BreadcrumbList","@id":"https:\/\/saydalia.ma\/fr\/#breadcrumb","itemListElement":[{"@type":"ListItem","position":1,"name":"Accueil","item":"https:\/\/saydalia.ma\/fr\/"},{"@type":"ListItem","position":2,"name":"Trouvez la pharmacie de garde la plus proche de vous au Maroc"}]},{"@type":"WebSite","@id":"https:\/\/saydalia.ma\/fr\/#website","url":"https:\/\/saydalia.ma\/fr\/","name":"Saydalia","description":"Trouvez la pharmacie la plus proche de vous","publisher":{"@id":"https:\/\/saydalia.ma\/fr\/#organization"},"potentialAction":[{"@type":"SearchAction","target":{"@type":"EntryPoint","urlTemplate":"https:\/\/saydalia.ma\/fr\/?s={search_term_string}"},"query-input":{"@type":"PropertyValueSpecification","valueRequired":true,"valueName":"search_term_string"}}],"inLanguage":"fr-FR"},{"@type":"Organization","@id":"https:\/\/saydalia.ma\/fr\/#organization","name":"Saydalia","url":"https:\/\/saydalia.ma\/fr\/","logo":{"@type":"ImageObject","inLanguage":"fr-FR","@id":"https:\/\/saydalia.ma\/fr\/#\/schema\/logo\/image\/","url":"https:\/\/saydalia.ma\/wp-content\/uploads\/2022\/09\/Fichier-3.png","contentUrl":"https:\/\/saydalia.ma\/wp-content\/uploads\/2022\/09\/Fichier-3.png","width":617,"height":580,"caption":"Saydalia"},"image":{"@id":"https:\/\/saydalia.ma\/fr\/#\/schema\/logo\/image\/"}}]}},"_links":{"self":[{"href":"https:\/\/saydalia.ma\/fr\/wp-json\/wp\/v2\/pages\/427","targetHints":{"allow":["GET"]}}],"collection":[{"href":"https:\/\/saydalia.ma\/fr\/wp-json\/wp\/v2\/pages"}],"about":[{"href":"https:\/\/saydalia.ma\/fr\/wp-json\/wp\/v2\/types\/page"}],"author":[{"embeddable":true,"href":"https:\/\/saydalia.ma\/fr\/wp-json\/wp\/v2\/users\/1"}],"replies":[{"embeddable":true,"href":"https:\/\/saydalia.ma\/fr\/wp-json\/wp\/v2\/comments?post=427"}],"version-history":[{"count":100,"href":"https:\/\/saydalia.ma\/fr\/wp-json\/wp\/v2\/pages\/427\/revisions"}],"predecessor-version":[{"id":13380,"href":"https:\/\/saydalia.ma\/fr\/wp-json\/wp\/v2\/pages\/427\/revisions\/13380"}],"wp:attachment":[{"href":"https:\/\/saydalia.ma\/fr\/wp-json\/wp\/v2\/media?parent=427"}],"curies":[{"name":"wp","href":"https:\/\/api.w.org\/{rel}","templated":true}]}}