{"id":562,"date":"2023-01-10T14:46:11","date_gmt":"2023-01-10T13:46:11","guid":{"rendered":"https:\/\/saydalia.ma\/?page_id=562"},"modified":"2025-06-03T13:00:52","modified_gmt":"2025-06-03T11:00:52","slug":"regles-de-confidentialite","status":"publish","type":"page","link":"https:\/\/saydalia.ma\/fr\/regles-de-confidentialite\/","title":{"rendered":"R\u00e8gles de confidentialit\u00e9"},"content":{"rendered":"<section class=\"l-section wpb_row height_medium\"><div class=\"l-section-h i-cf\"><div class=\"g-cols vc_row via_grid cols_1 laptops-cols_inherit tablets-cols_inherit mobiles-cols_1 valign_top type_default stacking_default\"><div class=\"wpb_column vc_column_container\"><div class=\"vc_column-inner\"><div class=\"wpb_text_column\"><div class=\"wpb_wrapper\"><p><a href=\"https:\/\/saydalia.ma\">Saydalia.ma<\/a> est une application gratuite. Ce SERVICE est fourni \u00e0 titre gracieux et est destin\u00e9 \u00e0 \u00eatre utilis\u00e9 tel quel.<br \/>\nCette page est utilis\u00e9e pour informer les visiteurs de nos politiques en mati\u00e8re de collecte, d\u2019utilisation et de divulgation des informations personnelles si quelqu\u2019un d\u00e9cide d\u2019utiliser notre service.<br \/>\nSi vous choisissez d\u2019utiliser notre service, vous acceptez la collecte et l\u2019utilisation des informations en relation avec cette politique. Les informations personnelles que nous recueillons sont utilis\u00e9es pour fournir et am\u00e9liorer le service. Nous n\u2019utiliserons ni ne partagerons vos informations avec quiconque, sauf dans les cas d\u00e9crits dans la pr\u00e9sente politique de confidentialit\u00e9.<\/p>\n<p><strong>COLLECTE ET UTILISATION DES INFORMATIONS<\/strong><\/p>\n<p>Pour une meilleure exp\u00e9rience, lors de l\u2019utilisation de notre service, nous pouvons vous demander de nous fournir certaines informations personnellement identifiables. Les informations que nous demandons seront conserv\u00e9es par nous et utilis\u00e9es comme d\u00e9crit dans cette politique de confidentialit\u00e9.<br \/>\nL\u2019application utilise des services tiers qui peuvent recueillir des informations permettant de vous identifier.<\/p>\n<p><strong>DONN\u00c9ES DU JOURNAL<\/strong><\/p>\n<p>Nous souhaitons vous informer que lorsque vous utilisez notre service, en cas d\u2019erreur dans l\u2019application, nous collectons des donn\u00e9es et des informations (par le biais de produits tiers) sur votre t\u00e9l\u00e9phone, appel\u00e9es donn\u00e9es de connexion. Ces donn\u00e9es peuvent inclure des informations telles que l\u2019adresse du protocole Internet (\u00ab IP \u00bb) de votre appareil, le nom de l\u2019appareil, la version du syst\u00e8me d\u2019exploitation, la configuration de l\u2019application lors de l\u2019utilisation de notre service, l\u2019heure et la date de votre utilisation du service, votre localisation et d\u2019autres statistiques.<\/p>\n<p><strong>SUPPRESSION DE COMPTE<\/strong><\/p>\n<p>L\u2019utilisateur peut \u00e0 tout moment demander la suppression de son compte en nous contactant via l\u2019adresse email <a href=\"mailto:privacy@saydalia.ma\">privacy@saydalia.ma<\/a>. La suppression du compte entra\u00eene l\u2019effacement d\u00e9finitif de toutes les donn\u00e9es personnelles associ\u00e9es, sauf si leur conservation est requise par la loi (notamment \u00e0 des fins comptables, fiscales ou de s\u00e9curit\u00e9). Une fois la suppression confirm\u00e9e, l\u2019utilisateur ne pourra plus acc\u00e9der \u00e0 son compte ni r\u00e9cup\u00e9rer les informations supprim\u00e9es.<\/p>\n<p><strong>COOKIES<\/strong><\/p>\n<p>Les cookies sont des fichiers contenant une petite quantit\u00e9 de donn\u00e9es qui sont g\u00e9n\u00e9ralement utilis\u00e9s comme identifiants uniques anonymes. Ils sont envoy\u00e9s \u00e0 votre navigateur \u00e0 partir des sites web que vous visitez et sont stock\u00e9s dans la m\u00e9moire interne de votre appareil.<br \/>\nCe service n\u2019utilise pas explicitement ces \u00ab cookies \u00bb. Cependant, l\u2019application peut utiliser du code et des biblioth\u00e8ques de tiers qui utilisent des \u00ab cookies \u00bb pour collecter des informations et am\u00e9liorer leurs services. Vous avez la possibilit\u00e9 d\u2019accepter ou de refuser ces cookies et de savoir quand un cookie est envoy\u00e9 \u00e0 votre appareil. Si vous choisissez de refuser nos cookies, il se peut que vous ne puissiez pas utiliser certaines parties de ce service.<\/p>\n<p><strong>FOURNISSEURS DE SERVICES<\/strong><\/p>\n<p>Nous pouvons employer des soci\u00e9t\u00e9s et des personnes tierces pour les raisons suivantes :<br \/>\nPour faciliter notre Service ;<br \/>\nPour fournir le Service en notre nom ;<br \/>\nPour effectuer des services li\u00e9s au Service ; ou<br \/>\nPour nous aider \u00e0 analyser la fa\u00e7on dont notre service est utilis\u00e9.<\/p>\n<p>Nous souhaitons informer les utilisateurs de ce service que ces tiers ont acc\u00e8s \u00e0 leurs informations personnelles. La raison en est l\u2019ex\u00e9cution des t\u00e2ches qui leur sont assign\u00e9es en notre nom. Toutefois, ils sont tenus de ne pas divulguer ou utiliser ces informations \u00e0 d\u2019autres fins.<\/p>\n<p><strong>S\u00c9CURIT\u00c9<\/strong><\/p>\n<p>Nous appr\u00e9cions la confiance que vous nous accordez en nous fournissant vos informations personnelles et nous nous effor\u00e7ons donc d\u2019utiliser des moyens commercialement acceptables pour les prot\u00e9ger. Mais n\u2019oubliez pas qu\u2019aucune m\u00e9thode de transmission sur Internet ou de stockage \u00e9lectronique n\u2019est s\u00fbre et fiable \u00e0 100 % et que nous ne pouvons pas garantir une s\u00e9curit\u00e9 absolue.<\/p>\n<p><strong>LIENS VERS D\u2019AUTRES SITES<\/strong><\/p>\n<p>Ce service peut contenir des liens vers d\u2019autres sites. Si vous cliquez sur un lien tiers, vous serez dirig\u00e9 vers ce site. Notez que ces sites externes ne sont pas exploit\u00e9s par nous. Par cons\u00e9quent, nous vous conseillons vivement de consulter la politique de confidentialit\u00e9 de ces sites. Nous n\u2019avons aucun contr\u00f4le et n\u2019assumons aucune responsabilit\u00e9 quant au contenu, aux politiques de confidentialit\u00e9 ou aux pratiques de tout site ou service tiers.<\/p>\n<p><strong>VIE PRIV\u00c9E DES ENFANTS<\/strong><\/p>\n<p>Ces services ne s\u2019adressent pas aux personnes \u00e2g\u00e9es de moins de 13 ans. Nous ne collectons pas sciemment d\u2019informations personnellement identifiables aupr\u00e8s d\u2019enfants de moins de 13 ans. Dans le cas o\u00f9 nous d\u00e9couvrons qu\u2019un enfant de moins de 13 ans nous a fourni des informations personnelles, nous les supprimons imm\u00e9diatement de nos serveurs. Si vous \u00eates un parent ou un tuteur et que vous savez que votre enfant nous a fourni des informations personnelles, veuillez nous contacter afin que nous puissions prendre les mesures n\u00e9cessaires.<\/p>\n<p><strong>MODIFICATIONS DE LA PR\u00c9SENTE POLITIQUE DE CONFIDENTIALIT\u00c9<\/strong><\/p>\n<p>Nous pouvons mettre \u00e0 jour notre politique de confidentialit\u00e9 de temps \u00e0 autre. Nous vous conseillons donc de consulter r\u00e9guli\u00e8rement cette page pour prendre connaissance des changements \u00e9ventuels. Nous vous informerons de toute modification en publiant la nouvelle politique de confidentialit\u00e9 sur cette page.<\/p>\n<p><strong>NOUS CONTACTER<\/strong><\/p>\n<p>Si vous avez des questions ou des suggestions concernant notre politique de confidentialit\u00e9, n\u2019h\u00e9sitez pas \u00e0 nous contacter \u00e0 l\u2019adresse contact@saydalia.ma.<\/p>\n<\/div><\/div><\/div><\/div><\/div><\/div><\/section>","protected":false},"excerpt":{"rendered":"Saydalia.ma est une application gratuite. Ce SERVICE est fourni \u00e0 titre gracieux et est destin\u00e9 \u00e0 \u00eatre utilis\u00e9 tel quel. Cette page est utilis\u00e9e pour informer les visiteurs de nos politiques en mati\u00e8re de collecte, d\u2019utilisation et de divulgation des informations personnelles si quelqu\u2019un d\u00e9cide d\u2019utiliser notre service. Si vous choisissez d\u2019utiliser notre service, vous...","protected":false},"author":1,"featured_media":0,"parent":0,"menu_order":0,"comment_status":"closed","ping_status":"closed","template":"","meta":{"footnotes":""},"class_list":["post-562","page","type-page","status-publish","hentry"],"yoast_head":"<!-- This site is optimized with the Yoast SEO plugin v27.3 - https:\/\/yoast.com\/product\/yoast-seo-wordpress\/ -->\n<title>R\u00e8gles de confidentialit\u00e9 - Saydalia<\/title>\n<meta name=\"description\" content=\"Prot\u00e9gez vos donn\u00e9es personnelles avec nos r\u00e8gles de confidentialit\u00e9 . Nous nous engageons \u00e0 prot\u00e9ger \u00e0 respecter votre vie priv\u00e9e.\" \/>\n<meta name=\"robots\" content=\"index, follow, max-snippet:-1, max-image-preview:large, max-video-preview:-1\" \/>\n<link rel=\"canonical\" href=\"https:\/\/saydalia.ma\/fr\/regles-de-confidentialite\/\" \/>\n<meta property=\"og:locale\" content=\"fr_FR\" \/>\n<meta property=\"og:type\" content=\"article\" \/>\n<meta property=\"og:title\" content=\"R\u00e8gles de confidentialit\u00e9 - Saydalia\" \/>\n<meta property=\"og:description\" content=\"Prot\u00e9gez vos donn\u00e9es personnelles avec nos r\u00e8gles de confidentialit\u00e9 . Nous nous engageons \u00e0 prot\u00e9ger \u00e0 respecter votre vie priv\u00e9e.\" \/>\n<meta property=\"og:url\" content=\"https:\/\/saydalia.ma\/fr\/regles-de-confidentialite\/\" \/>\n<meta property=\"og:site_name\" content=\"Saydalia\" \/>\n<meta property=\"article:modified_time\" content=\"2025-06-03T11:00:52+00:00\" \/>\n<meta name=\"twitter:card\" content=\"summary_large_image\" \/>\n<meta name=\"twitter:label1\" content=\"Dur\u00e9e de lecture estim\u00e9e\" \/>\n\t<meta name=\"twitter:data1\" content=\"5 minutes\" \/>\n<script type=\"application\/ld+json\" class=\"yoast-schema-graph\">{\"@context\":\"https:\\\/\\\/schema.org\",\"@graph\":[{\"@type\":\"WebPage\",\"@id\":\"https:\\\/\\\/saydalia.ma\\\/fr\\\/regles-de-confidentialite\\\/\",\"url\":\"https:\\\/\\\/saydalia.ma\\\/fr\\\/regles-de-confidentialite\\\/\",\"name\":\"R\u00e8gles de confidentialit\u00e9 - Saydalia\",\"isPartOf\":{\"@id\":\"https:\\\/\\\/saydalia.ma\\\/fr\\\/#website\"},\"datePublished\":\"2023-01-10T13:46:11+00:00\",\"dateModified\":\"2025-06-03T11:00:52+00:00\",\"description\":\"Prot\u00e9gez vos donn\u00e9es personnelles avec nos r\u00e8gles de confidentialit\u00e9 . Nous nous engageons \u00e0 prot\u00e9ger \u00e0 respecter votre vie priv\u00e9e.\",\"breadcrumb\":{\"@id\":\"https:\\\/\\\/saydalia.ma\\\/fr\\\/regles-de-confidentialite\\\/#breadcrumb\"},\"inLanguage\":\"fr-FR\",\"potentialAction\":[{\"@type\":\"ReadAction\",\"target\":[[\"https:\\\/\\\/saydalia.ma\\\/fr\\\/regles-de-confidentialite\\\/\"]]}]},{\"@type\":\"BreadcrumbList\",\"@id\":\"https:\\\/\\\/saydalia.ma\\\/fr\\\/regles-de-confidentialite\\\/#breadcrumb\",\"itemListElement\":[{\"@type\":\"ListItem\",\"position\":1,\"name\":\"Accueil\",\"item\":\"https:\\\/\\\/saydalia.ma\\\/fr\\\/\"},{\"@type\":\"ListItem\",\"position\":2,\"name\":\"R\u00e8gles de confidentialit\u00e9\"}]},{\"@type\":\"WebSite\",\"@id\":\"https:\\\/\\\/saydalia.ma\\\/fr\\\/#website\",\"url\":\"https:\\\/\\\/saydalia.ma\\\/fr\\\/\",\"name\":\"Saydalia\",\"description\":\"Trouvez la pharmacie la plus proche de vous\",\"publisher\":{\"@id\":\"https:\\\/\\\/saydalia.ma\\\/fr\\\/#organization\"},\"potentialAction\":[{\"@type\":\"SearchAction\",\"target\":{\"@type\":\"EntryPoint\",\"urlTemplate\":\"https:\\\/\\\/saydalia.ma\\\/fr\\\/?s={search_term_string}\"},\"query-input\":{\"@type\":\"PropertyValueSpecification\",\"valueRequired\":true,\"valueName\":\"search_term_string\"}}],\"inLanguage\":\"fr-FR\"},{\"@type\":\"Organization\",\"@id\":\"https:\\\/\\\/saydalia.ma\\\/fr\\\/#organization\",\"name\":\"Saydalia\",\"url\":\"https:\\\/\\\/saydalia.ma\\\/fr\\\/\",\"logo\":{\"@type\":\"ImageObject\",\"inLanguage\":\"fr-FR\",\"@id\":\"https:\\\/\\\/saydalia.ma\\\/fr\\\/#\\\/schema\\\/logo\\\/image\\\/\",\"url\":\"https:\\\/\\\/saydalia.ma\\\/wp-content\\\/uploads\\\/2022\\\/09\\\/Fichier-3.png\",\"contentUrl\":\"https:\\\/\\\/saydalia.ma\\\/wp-content\\\/uploads\\\/2022\\\/09\\\/Fichier-3.png\",\"width\":617,\"height\":580,\"caption\":\"Saydalia\"},\"image\":{\"@id\":\"https:\\\/\\\/saydalia.ma\\\/fr\\\/#\\\/schema\\\/logo\\\/image\\\/\"}}]}<\/script>\n<!-- \/ Yoast SEO plugin. -->","yoast_head_json":{"title":"R\u00e8gles de confidentialit\u00e9 - Saydalia","description":"Prot\u00e9gez vos donn\u00e9es personnelles avec nos r\u00e8gles de confidentialit\u00e9 . Nous nous engageons \u00e0 prot\u00e9ger \u00e0 respecter votre vie priv\u00e9e.","robots":{"index":"index","follow":"follow","max-snippet":"max-snippet:-1","max-image-preview":"max-image-preview:large","max-video-preview":"max-video-preview:-1"},"canonical":"https:\/\/saydalia.ma\/fr\/regles-de-confidentialite\/","og_locale":"fr_FR","og_type":"article","og_title":"R\u00e8gles de confidentialit\u00e9 - Saydalia","og_description":"Prot\u00e9gez vos donn\u00e9es personnelles avec nos r\u00e8gles de confidentialit\u00e9 . Nous nous engageons \u00e0 prot\u00e9ger \u00e0 respecter votre vie priv\u00e9e.","og_url":"https:\/\/saydalia.ma\/fr\/regles-de-confidentialite\/","og_site_name":"Saydalia","article_modified_time":"2025-06-03T11:00:52+00:00","twitter_card":"summary_large_image","twitter_misc":{"Dur\u00e9e de lecture estim\u00e9e":"5 minutes"},"schema":{"@context":"https:\/\/schema.org","@graph":[{"@type":"WebPage","@id":"https:\/\/saydalia.ma\/fr\/regles-de-confidentialite\/","url":"https:\/\/saydalia.ma\/fr\/regles-de-confidentialite\/","name":"R\u00e8gles de confidentialit\u00e9 - Saydalia","isPartOf":{"@id":"https:\/\/saydalia.ma\/fr\/#website"},"datePublished":"2023-01-10T13:46:11+00:00","dateModified":"2025-06-03T11:00:52+00:00","description":"Prot\u00e9gez vos donn\u00e9es personnelles avec nos r\u00e8gles de confidentialit\u00e9 . Nous nous engageons \u00e0 prot\u00e9ger \u00e0 respecter votre vie priv\u00e9e.","breadcrumb":{"@id":"https:\/\/saydalia.ma\/fr\/regles-de-confidentialite\/#breadcrumb"},"inLanguage":"fr-FR","potentialAction":[{"@type":"ReadAction","target":[["https:\/\/saydalia.ma\/fr\/regles-de-confidentialite\/"]]}]},{"@type":"BreadcrumbList","@id":"https:\/\/saydalia.ma\/fr\/regles-de-confidentialite\/#breadcrumb","itemListElement":[{"@type":"ListItem","position":1,"name":"Accueil","item":"https:\/\/saydalia.ma\/fr\/"},{"@type":"ListItem","position":2,"name":"R\u00e8gles de confidentialit\u00e9"}]},{"@type":"WebSite","@id":"https:\/\/saydalia.ma\/fr\/#website","url":"https:\/\/saydalia.ma\/fr\/","name":"Saydalia","description":"Trouvez la pharmacie la plus proche de vous","publisher":{"@id":"https:\/\/saydalia.ma\/fr\/#organization"},"potentialAction":[{"@type":"SearchAction","target":{"@type":"EntryPoint","urlTemplate":"https:\/\/saydalia.ma\/fr\/?s={search_term_string}"},"query-input":{"@type":"PropertyValueSpecification","valueRequired":true,"valueName":"search_term_string"}}],"inLanguage":"fr-FR"},{"@type":"Organization","@id":"https:\/\/saydalia.ma\/fr\/#organization","name":"Saydalia","url":"https:\/\/saydalia.ma\/fr\/","logo":{"@type":"ImageObject","inLanguage":"fr-FR","@id":"https:\/\/saydalia.ma\/fr\/#\/schema\/logo\/image\/","url":"https:\/\/saydalia.ma\/wp-content\/uploads\/2022\/09\/Fichier-3.png","contentUrl":"https:\/\/saydalia.ma\/wp-content\/uploads\/2022\/09\/Fichier-3.png","width":617,"height":580,"caption":"Saydalia"},"image":{"@id":"https:\/\/saydalia.ma\/fr\/#\/schema\/logo\/image\/"}}]}},"_links":{"self":[{"href":"https:\/\/saydalia.ma\/fr\/wp-json\/wp\/v2\/pages\/562","targetHints":{"allow":["GET"]}}],"collection":[{"href":"https:\/\/saydalia.ma\/fr\/wp-json\/wp\/v2\/pages"}],"about":[{"href":"https:\/\/saydalia.ma\/fr\/wp-json\/wp\/v2\/types\/page"}],"author":[{"embeddable":true,"href":"https:\/\/saydalia.ma\/fr\/wp-json\/wp\/v2\/users\/1"}],"replies":[{"embeddable":true,"href":"https:\/\/saydalia.ma\/fr\/wp-json\/wp\/v2\/comments?post=562"}],"version-history":[{"count":5,"href":"https:\/\/saydalia.ma\/fr\/wp-json\/wp\/v2\/pages\/562\/revisions"}],"predecessor-version":[{"id":13165,"href":"https:\/\/saydalia.ma\/fr\/wp-json\/wp\/v2\/pages\/562\/revisions\/13165"}],"wp:attachment":[{"href":"https:\/\/saydalia.ma\/fr\/wp-json\/wp\/v2\/media?parent=562"}],"curies":[{"name":"wp","href":"https:\/\/api.w.org\/{rel}","templated":true}]}}