{"id":6509,"date":"2023-11-13T09:53:17","date_gmt":"2023-11-13T08:53:17","guid":{"rendered":"https:\/\/saydalia.ma\/?page_id=6509"},"modified":"2023-11-22T18:05:30","modified_gmt":"2023-11-22T17:05:30","slug":"simulateur-de-prix","status":"publish","type":"page","link":"https:\/\/saydalia.ma\/fr\/simulateur-de-prix\/","title":{"rendered":"Simulateur de prix"},"content":{"rendered":"<section class=\"l-section wpb_row height_medium full_height valign_top\"><div class=\"l-section-h i-cf\"><div class=\"g-cols vc_row via_grid cols_1 laptops-cols_inherit tablets-cols_inherit mobiles-cols_1 valign_top type_default stacking_default\"><div class=\"wpb_column vc_column_container\"><div class=\"vc_column-inner\"><div class=\"g-cols wpb_row  hide_on_default hide_on_laptops via_grid cols_1 laptops-cols_inherit tablets-cols_inherit mobiles-cols_1 valign_top type_default stacking_default\"><div class=\"wpb_column vc_column_container\"><div class=\"vc_column-inner\"><div class=\"w-iconbox iconpos_left style_default color_primary align_left no_title no_text\"><a title=\"M\u00e9dicaments\" href=\"https:\/\/saydalia.ma\/fr\/medicaments\" class=\"w-iconbox-link\" aria-label=\"far|arrow-left\"><div class=\"w-iconbox-icon\" style=\"font-size:2rem;\"><i class=\"far fa-arrow-left\"><\/i><\/div><\/a><div class=\"w-iconbox-meta\"><\/div><\/div><\/div><\/div><\/div><div class=\"ult-spacer spacer-69dbc35158167\" data-id=\"69dbc35158167\" data-height=\"20\" data-height-mobile=\"20\" data-height-tab=\"20\" data-height-tab-portrait=\"\" data-height-mobile-landscape=\"\" style=\"clear:both;display:block;\"><\/div><div class=\"wpb_text_column\"><div class=\"wpb_wrapper\"><p style=\"text-align: center;\"><b>Simuler le co\u00fbt de mon ordonnance \u00a0<\/b><\/p>\n<\/div><\/div><div class=\"wpb_text_column us_custom_1b04de86\"><div class=\"wpb_wrapper\"><p style=\"text-align: center;\">Rechercher les informations sur vos m\u00e9dicaments, leurs prix et estimer ainsi le co\u00fbt total de votre ordonnance, sans vous d\u00e9placer !<\/p>\n<\/div><\/div><div class=\"ult-spacer spacer-69dbc351586d4\" data-id=\"69dbc351586d4\" data-height=\"20\" data-height-mobile=\"20\" data-height-tab=\"20\" data-height-tab-portrait=\"\" data-height-mobile-landscape=\"\" style=\"clear:both;display:block;\"><\/div><div class=\"wpb_text_column\"><div class=\"wpb_wrapper\">\n<p>\n<\/div><\/div><div class=\"w-btn-wrapper align_center\"><a class=\"w-btn us-btn-style_4 icon_atleft\" title=\"M\u00e9dicaments\" href=\"https:\/\/saydalia.ma\/medicaments\"><i class=\"far fa-plus\"><\/i><span class=\"w-btn-label\">Ajouter un m\u00e9dicament<\/span><\/a><\/div><div class=\"ult-spacer spacer-69dbc35158d4b\" data-id=\"69dbc35158d4b\" data-height=\"80\" data-height-mobile=\"80\" data-height-tab=\"80\" data-height-tab-portrait=\"\" data-height-mobile-landscape=\"\" style=\"clear:both;display:block;\"><\/div>[vc_raw_js]JTNDc2NyaXB0JTNFalF1ZXJ5JTI4ZG9jdW1lbnQlMjkucmVhZHklMjhmdW5jdGlvbiUyOCUyNCUyOSUyMCU3QiUwQSUyMCUyMCUyMCUyMCUyRiUyRiUyMENoYW5nZSUyMHRoZSUyMGlucHV0JTIwdHlwZSUyMGZyb20lMjBoaWRkZW4lMjB0byUyMHRleHQlMEElMjAlMjAlMjAlMjAlMjQlMjglMjcud29vY29tbWVyY2UlMjAucXVhbnRpdHklMjBpbnB1dC5xdHklMjclMjkuYXR0ciUyOCUyN3R5cGUlMjclMkMlMjAlMjd0ZXh0JTI3JTI5JTNCJTBBJTBBJTIwJTIwJTIwJTIwJTJGJTJGJTIwTWFrZSUyMHRoZSUyMGlucHV0JTIwbm9uLWVkaXRhYmxlJTBBJTIwJTIwJTIwJTIwJTI0JTI4JTI3Lndvb2NvbW1lcmNlJTIwLnF1YW50aXR5JTIwaW5wdXQucXR5JTI3JTI5LmF0dHIlMjglMjdyZWFkb25seSUyNyUyQyUyMCUyN3JlYWRvbmx5JTI3JTI5JTNCJTBBJTdEJTI5JTNCJTNDJTJGc2NyaXB0JTNF[\/vc_raw_js]<\/div><\/div><\/div><\/div><\/section>","protected":false},"excerpt":{"rendered":"Simuler le co\u00fbt de mon ordonnance \u00a0 Rechercher les informations sur vos m\u00e9dicaments, leurs prix et estimer ainsi le co\u00fbt total de votre ordonnance, sans vous d\u00e9placer ! Ajouter un m\u00e9dicament[vc_raw_js]JTNDc2NyaXB0JTNFalF1ZXJ5JTI4ZG9jdW1lbnQlMjkucmVhZHklMjhmdW5jdGlvbiUyOCUyNCUyOSUyMCU3QiUwQSUyMCUyMCUyMCUyMCUyRiUyRiUyMENoYW5nZSUyMHRoZSUyMGlucHV0JTIwdHlwZSUyMGZyb20lMjBoaWRkZW4lMjB0byUyMHRleHQlMEElMjAlMjAlMjAlMjAlMjQlMjglMjcud29vY29tbWVyY2UlMjAucXVhbnRpdHklMjBpbnB1dC5xdHklMjclMjkuYXR0ciUyOCUyN3R5cGUlMjclMkMlMjAlMjd0ZXh0JTI3JTI5JTNCJTBBJTBBJTIwJTIwJTIwJTIwJTJGJTJGJTIwTWFrZSUyMHRoZSUyMGlucHV0JTIwbm9uLWVkaXRhYmxlJTBBJTIwJTIwJTIwJTIwJTI0JTI4JTI3Lndvb2NvbW1lcmNlJTIwLnF1YW50aXR5JTIwaW5wdXQucXR5JTI3JTI5LmF0dHIlMjglMjdyZWFkb25seSUyNyUyQyUyMCUyN3JlYWRvbmx5JTI3JTI5JTNCJTBBJTdEJTI5JTNCJTNDJTJGc2NyaXB0JTNF[\/vc_raw_js]","protected":false},"author":1,"featured_media":0,"parent":0,"menu_order":0,"comment_status":"closed","ping_status":"closed","template":"","meta":{"footnotes":""},"class_list":["post-6509","page","type-page","status-publish","hentry"],"yoast_head":"<!-- This site is optimized with the Yoast SEO plugin v27.3 - https:\/\/yoast.com\/product\/yoast-seo-wordpress\/ -->\n<title>Simulateur de prix - Saydalia<\/title>\n<meta name=\"robots\" content=\"noindex, nofollow\" \/>\n<meta property=\"og:locale\" content=\"fr_FR\" \/>\n<meta property=\"og:type\" content=\"article\" \/>\n<meta property=\"og:title\" content=\"Simulateur de prix - Saydalia\" \/>\n<meta property=\"og:url\" content=\"https:\/\/saydalia.ma\/fr\/simulateur-de-prix\/\" \/>\n<meta property=\"og:site_name\" content=\"Saydalia\" \/>\n<meta property=\"article:modified_time\" content=\"2023-11-22T17:05:30+00:00\" \/>\n<meta name=\"twitter:card\" content=\"summary_large_image\" \/>\n<meta name=\"twitter:label1\" content=\"Dur\u00e9e de lecture estim\u00e9e\" \/>\n\t<meta name=\"twitter:data1\" content=\"1 minute\" \/>\n<script type=\"application\/ld+json\" class=\"yoast-schema-graph\">{\"@context\":\"https:\\\/\\\/schema.org\",\"@graph\":[{\"@type\":\"WebPage\",\"@id\":\"https:\\\/\\\/saydalia.ma\\\/fr\\\/simulateur-de-prix\\\/\",\"url\":\"https:\\\/\\\/saydalia.ma\\\/fr\\\/simulateur-de-prix\\\/\",\"name\":\"Simulateur de prix - Saydalia\",\"isPartOf\":{\"@id\":\"https:\\\/\\\/saydalia.ma\\\/fr\\\/#website\"},\"datePublished\":\"2023-11-13T08:53:17+00:00\",\"dateModified\":\"2023-11-22T17:05:30+00:00\",\"breadcrumb\":{\"@id\":\"https:\\\/\\\/saydalia.ma\\\/fr\\\/simulateur-de-prix\\\/#breadcrumb\"},\"inLanguage\":\"fr-FR\",\"potentialAction\":[{\"@type\":\"ReadAction\",\"target\":[[\"https:\\\/\\\/saydalia.ma\\\/fr\\\/simulateur-de-prix\\\/\"]]}]},{\"@type\":\"BreadcrumbList\",\"@id\":\"https:\\\/\\\/saydalia.ma\\\/fr\\\/simulateur-de-prix\\\/#breadcrumb\",\"itemListElement\":[{\"@type\":\"ListItem\",\"position\":1,\"name\":\"Accueil\",\"item\":\"https:\\\/\\\/saydalia.ma\\\/fr\\\/\"},{\"@type\":\"ListItem\",\"position\":2,\"name\":\"Simulateur de prix\"}]},{\"@type\":\"WebSite\",\"@id\":\"https:\\\/\\\/saydalia.ma\\\/fr\\\/#website\",\"url\":\"https:\\\/\\\/saydalia.ma\\\/fr\\\/\",\"name\":\"Saydalia\",\"description\":\"Trouvez la pharmacie la plus proche de vous\",\"publisher\":{\"@id\":\"https:\\\/\\\/saydalia.ma\\\/fr\\\/#organization\"},\"potentialAction\":[{\"@type\":\"SearchAction\",\"target\":{\"@type\":\"EntryPoint\",\"urlTemplate\":\"https:\\\/\\\/saydalia.ma\\\/fr\\\/?s={search_term_string}\"},\"query-input\":{\"@type\":\"PropertyValueSpecification\",\"valueRequired\":true,\"valueName\":\"search_term_string\"}}],\"inLanguage\":\"fr-FR\"},{\"@type\":\"Organization\",\"@id\":\"https:\\\/\\\/saydalia.ma\\\/fr\\\/#organization\",\"name\":\"Saydalia\",\"url\":\"https:\\\/\\\/saydalia.ma\\\/fr\\\/\",\"logo\":{\"@type\":\"ImageObject\",\"inLanguage\":\"fr-FR\",\"@id\":\"https:\\\/\\\/saydalia.ma\\\/fr\\\/#\\\/schema\\\/logo\\\/image\\\/\",\"url\":\"https:\\\/\\\/saydalia.ma\\\/wp-content\\\/uploads\\\/2022\\\/09\\\/Fichier-3.png\",\"contentUrl\":\"https:\\\/\\\/saydalia.ma\\\/wp-content\\\/uploads\\\/2022\\\/09\\\/Fichier-3.png\",\"width\":617,\"height\":580,\"caption\":\"Saydalia\"},\"image\":{\"@id\":\"https:\\\/\\\/saydalia.ma\\\/fr\\\/#\\\/schema\\\/logo\\\/image\\\/\"}}]}<\/script>\n<!-- \/ Yoast SEO plugin. -->","yoast_head_json":{"title":"Simulateur de prix - Saydalia","robots":{"index":"noindex","follow":"nofollow"},"og_locale":"fr_FR","og_type":"article","og_title":"Simulateur de prix - Saydalia","og_url":"https:\/\/saydalia.ma\/fr\/simulateur-de-prix\/","og_site_name":"Saydalia","article_modified_time":"2023-11-22T17:05:30+00:00","twitter_card":"summary_large_image","twitter_misc":{"Dur\u00e9e de lecture estim\u00e9e":"1 minute"},"schema":{"@context":"https:\/\/schema.org","@graph":[{"@type":"WebPage","@id":"https:\/\/saydalia.ma\/fr\/simulateur-de-prix\/","url":"https:\/\/saydalia.ma\/fr\/simulateur-de-prix\/","name":"Simulateur de prix - Saydalia","isPartOf":{"@id":"https:\/\/saydalia.ma\/fr\/#website"},"datePublished":"2023-11-13T08:53:17+00:00","dateModified":"2023-11-22T17:05:30+00:00","breadcrumb":{"@id":"https:\/\/saydalia.ma\/fr\/simulateur-de-prix\/#breadcrumb"},"inLanguage":"fr-FR","potentialAction":[{"@type":"ReadAction","target":[["https:\/\/saydalia.ma\/fr\/simulateur-de-prix\/"]]}]},{"@type":"BreadcrumbList","@id":"https:\/\/saydalia.ma\/fr\/simulateur-de-prix\/#breadcrumb","itemListElement":[{"@type":"ListItem","position":1,"name":"Accueil","item":"https:\/\/saydalia.ma\/fr\/"},{"@type":"ListItem","position":2,"name":"Simulateur de prix"}]},{"@type":"WebSite","@id":"https:\/\/saydalia.ma\/fr\/#website","url":"https:\/\/saydalia.ma\/fr\/","name":"Saydalia","description":"Trouvez la pharmacie la plus proche de vous","publisher":{"@id":"https:\/\/saydalia.ma\/fr\/#organization"},"potentialAction":[{"@type":"SearchAction","target":{"@type":"EntryPoint","urlTemplate":"https:\/\/saydalia.ma\/fr\/?s={search_term_string}"},"query-input":{"@type":"PropertyValueSpecification","valueRequired":true,"valueName":"search_term_string"}}],"inLanguage":"fr-FR"},{"@type":"Organization","@id":"https:\/\/saydalia.ma\/fr\/#organization","name":"Saydalia","url":"https:\/\/saydalia.ma\/fr\/","logo":{"@type":"ImageObject","inLanguage":"fr-FR","@id":"https:\/\/saydalia.ma\/fr\/#\/schema\/logo\/image\/","url":"https:\/\/saydalia.ma\/wp-content\/uploads\/2022\/09\/Fichier-3.png","contentUrl":"https:\/\/saydalia.ma\/wp-content\/uploads\/2022\/09\/Fichier-3.png","width":617,"height":580,"caption":"Saydalia"},"image":{"@id":"https:\/\/saydalia.ma\/fr\/#\/schema\/logo\/image\/"}}]}},"_links":{"self":[{"href":"https:\/\/saydalia.ma\/fr\/wp-json\/wp\/v2\/pages\/6509","targetHints":{"allow":["GET"]}}],"collection":[{"href":"https:\/\/saydalia.ma\/fr\/wp-json\/wp\/v2\/pages"}],"about":[{"href":"https:\/\/saydalia.ma\/fr\/wp-json\/wp\/v2\/types\/page"}],"author":[{"embeddable":true,"href":"https:\/\/saydalia.ma\/fr\/wp-json\/wp\/v2\/users\/1"}],"replies":[{"embeddable":true,"href":"https:\/\/saydalia.ma\/fr\/wp-json\/wp\/v2\/comments?post=6509"}],"version-history":[{"count":63,"href":"https:\/\/saydalia.ma\/fr\/wp-json\/wp\/v2\/pages\/6509\/revisions"}],"predecessor-version":[{"id":6646,"href":"https:\/\/saydalia.ma\/fr\/wp-json\/wp\/v2\/pages\/6509\/revisions\/6646"}],"wp:attachment":[{"href":"https:\/\/saydalia.ma\/fr\/wp-json\/wp\/v2\/media?parent=6509"}],"curies":[{"name":"wp","href":"https:\/\/api.w.org\/{rel}","templated":true}]}}